{"id":104,"date":"2020-06-17T19:39:50","date_gmt":"2020-06-17T19:39:50","guid":{"rendered":"http:\/\/corven.jonsu.urltemporal.com\/es\/?page_id=104"},"modified":"2024-06-24T17:45:27","modified_gmt":"2024-06-24T17:45:27","slug":"amortiguadores-corven","status":"publish","type":"page","link":"https:\/\/corvenautopartes.com.ar\/index.php\/amortiguadores-corven\/","title":{"rendered":"Amortiguadores"},"content":{"rendered":"[vc_row fullwidth=\u00bbtrue\u00bb css=\u00bb.vc_custom_1592408274162{margin-top: 0px !important;}\u00bb][vc_column][mk_fullwidth_slideshow padding=\u00bb0&#8243; bg_position=\u00bbcenter center\u00bb images=\u00bb681&#8243; stretch_images=\u00bbtrue\u00bb effect=\u00bbslide\u00bb pause_on_hover=\u00bbtrue\u00bb][\/vc_column][\/vc_row][vc_row fullwidth=\u00bbtrue\u00bb fullwidth_content=\u00bbfalse\u00bb css=\u00bb.vc_custom_1592321433395{background-color: #fc4f00 !important;}\u00bb][vc_column width=\u00bb1\/4&#8243;][\/vc_column][vc_column width=\u00bb1\/4&#8243;][mk_image src=\u00bbhttp:\/\/corven.jonsu.urltemporal.com\/es\/wp-content\/uploads\/2020\/06\/accesos-amortiguadores-03.jpg\u00bb image_size=\u00bbfull\u00bb margin_bottom=\u00bb0&#8243; el_class=\u00bbmarca-corven\u00bb][\/vc_column][vc_column width=\u00bb1\/4&#8243;][mk_image src=\u00bbhttp:\/\/corven.jonsu.urltemporal.com\/es\/wp-content\/uploads\/2020\/06\/accesos-amortiguadores-04.jpg\u00bb image_size=\u00bbfull\u00bb link=\u00bb\/index.php\/amortiguadores-lip\/\u00bb margin_bottom=\u00bb0&#8243; el_class=\u00bbmarca-lip\u00bb][\/vc_column][vc_column width=\u00bb1\/4&#8243;][\/vc_column][\/vc_row][vc_row fullwidth=\u00bbtrue\u00bb fullwidth_content=\u00bbfalse\u00bb equal_columns=\u00bbtrue\u00bb css=\u00bb.vc_custom_1594045831637{padding-top: 20px !important;padding-bottom: 80px !important;}\u00bb el_class=\u00bbcorner-right\u00bb][vc_column][vc_tabs responsive=\u00bbfalse\u00bb][vc_tab title=\u00bbPlus\u00bb tab_id=\u00bb1592854114-1-41&#8243;][vc_row_inner css=\u00bb.vc_custom_1592860629087{padding-top: 0px !important;padding-right: 0px !important;padding-bottom: 0px !important;padding-left: 0px !important;}\u00bb][vc_column_inner width=\u00bb1\/3&#8243;][mk_image src=\u00bbhttp:\/\/corven.jonsu.urltemporal.com\/es\/wp-content\/uploads\/2020\/06\/corven-plus-03.jpg\u00bb image_size=\u00bbfull\u00bb margin_bottom=\u00bb20&#8243;][vc_column_text css=\u00bb.vc_custom_1592423824847{margin-bottom: 0px !important;}\u00bb]Corven Plus es un amortiguador desarrollado para una amplia gama de veh\u00edculos de pasajeros, utilitarios y camionetas. Corven Plus cuenta con componentes de mayor resistencia al desgaste, total eficiencia en el sellado y un comportamiento de v\u00e1lvulas optimizado los cuales garantizan un desempe\u00f1o superior. Corven Plus es un amortiguador que logra una estabilidad de marcha controlada, con mayor adherencia del neum\u00e1tico al suelo.[\/vc_column_text][\/vc_column_inner][vc_column_inner width=\u00bb1\/3&#8243;][mk_image src=\u00bbhttp:\/\/corven.jonsu.urltemporal.com\/es\/wp-content\/uploads\/2020\/07\/linealiviana-amortiguadores-corven-plus.jpg\u00bb image_size=\u00bbfull\u00bb lightbox=\u00bbtrue\u00bb margin_bottom=\u00bb0&#8243; el_class=\u00bbmarca-corven\u00bb][\/vc_column_inner][vc_column_inner width=\u00bb1\/3&#8243;][mk_image src=\u00bbhttp:\/\/corven.jonsu.urltemporal.com\/es\/wp-content\/uploads\/2020\/08\/linealiviana_corvenplus_corven.png\u00bb image_size=\u00bbfull\u00bb lightbox=\u00bbtrue\u00bb margin_bottom=\u00bb0&#8243; el_class=\u00bbmarca-corven\u00bb][mk_button dimension=\u00bbflat\u00bb size=\u00bblarge\u00bb url=\u00bbhttps:\/\/corven.jonsu.urltemporal.com\/es\/fichas\/LineaLiviana_CorvenPlus_Corven.pdf\u00bb target=\u00bb_blank\u00bb align=\u00bbcenter\u00bb fullwidth=\u00bbtrue\u00bb margin_bottom=\u00bb10&#8243; margin_right=\u00bb0&#8243; bg_color=\u00bb#000000&#8243; btn_hover_bg=\u00bb#f28b31&#8243; btn_hover_txt_color=\u00bb#ffffff\u00bb]Info t\u00e9cnica en PDF[\/mk_button][\/vc_column_inner][\/vc_row_inner][vc_row_inner css=\u00bb.vc_custom_1592860629087{padding-top: 0px !important;padding-right: 0px !important;padding-bottom: 0px !important;padding-left: 0px !important;}\u00bb][vc_column_inner width=\u00bb2\/3&#8243;][vc_video link=\u00bbhttps:\/\/www.youtube.com\/watch?v=5-dGumyUOLc\u00bb animation=\u00bbfade-in\u00bb][\/vc_column_inner][vc_column_inner width=\u00bb1\/3&#8243; css=\u00bb.vc_custom_1592857436038{padding-top: 20px !important;padding-right: 20px !important;padding-bottom: 20px !important;padding-left: 20px !important;background-color: #d8d8d8 !important;}\u00bb][mk_fancy_title size=\u00bb28&#8243; font_weight=\u00bb300&#8243; txt_transform=\u00bbuppercase\u00bb margin_bottom=\u00bb10&#8243; font_family=\u00bbnone\u00bb]Busc\u00e1s este producto<br \/>\npara un veh\u00edculo<br \/>\nespec\u00edfico?<br \/>\n<span style=\"color: #f28b31;\"><strong>Consult\u00e1 <\/strong><\/span><span style=\"color: #f28b31;\"><strong>nuestro<\/strong><\/span><br \/>\n<span style=\"color: #f28b31;\"><strong>cat\u00e1logo<\/strong><\/span>[\/mk_fancy_title][mk_button dimension=\u00bbflat\u00bb size=\u00bblarge\u00bb url=\u00bbhttp:\/\/corven.jonsu.urltemporal.com\/es\/fichas\/Catalogo%20Amortiguadores_2020_250620_SMALL.pdf\u00bb target=\u00bb_blank\u00bb align=\u00bbcenter\u00bb fullwidth=\u00bbtrue\u00bb margin_bottom=\u00bb10&#8243; margin_right=\u00bb0&#8243; bg_color=\u00bb#f28b31&#8243; btn_hover_bg=\u00bb#000000&#8243; btn_hover_txt_color=\u00bb#f28b31&#8243;]Cat\u00e1logo PDF[\/mk_button][mk_button dimension=\u00bbflat\u00bb size=\u00bblarge\u00bb url=\u00bbhttps:\/\/corvenautopartes.com.ar\/catalogo\/index.php\u00bb target=\u00bb_blank\u00bb align=\u00bbcenter\u00bb fullwidth=\u00bbtrue\u00bb margin_bottom=\u00bb10&#8243; margin_right=\u00bb0&#8243; bg_color=\u00bb#f28b31&#8243; btn_hover_bg=\u00bb#000000&#8243; btn_hover_txt_color=\u00bb#f28b31&#8243;]Cat\u00e1logo Online[\/mk_button][\/vc_column_inner][\/vc_row_inner][\/vc_tab][vc_tab title=\u00bbHi Tech\u00bb tab_id=\u00bb1592859253070-1-4&#8243;][vc_row_inner css=\u00bb.vc_custom_1592860637440{margin-top: 0px !important;margin-right: 0px !important;margin-bottom: 0px !important;margin-left: 0px !important;border-top-width: 0px !important;border-right-width: 0px !important;border-bottom-width: 0px !important;border-left-width: 0px !important;padding-top: 0px !important;padding-right: 0px !important;padding-bottom: 0px !important;padding-left: 0px !important;}\u00bb][vc_column_inner width=\u00bb1\/3&#8243;][mk_image src=\u00bbhttp:\/\/corven.jonsu.urltemporal.com\/es\/wp-content\/uploads\/2020\/06\/logos-04.png\u00bb image_size=\u00bbfull\u00bb margin_bottom=\u00bb20&#8243;][vc_column_text css=\u00bb.vc_custom_1594045483129{margin-bottom: 0px !important;}\u00bb]Corven Hi tech es una l\u00ednea de amortiguadores orientada a aquellos usuarios exigentes que gustan de un manejo sumamente confortable en ciudad y por otro lado un manejo deportivo y seguro en condiciones de alta velocidad. La tecnolog\u00eda Hi-Tech permite que a bajas velocidades el amortiguador se comporte de una manera m\u00e1s progresiva brindando mayor confort y un manejo m\u00e1s agradable, suavizando el desempe\u00f1o ante las peque\u00f1as perturbaciones producidas por las imperfecciones del camino; mientras que a altas velocidades aporta un mayor control y seguridad en el manejo, consiguiendo mayor estabilidad.[\/vc_column_text][\/vc_column_inner][vc_column_inner width=\u00bb1\/3&#8243;][mk_image src=\u00bbhttp:\/\/corven.jonsu.urltemporal.com\/es\/wp-content\/uploads\/2020\/07\/linealiviana-amortiguadores-corven-hitech.jpg\u00bb image_size=\u00bbfull\u00bb lightbox=\u00bbtrue\u00bb margin_bottom=\u00bb20&#8243;][\/vc_column_inner][vc_column_inner width=\u00bb1\/3&#8243;][mk_image src=\u00bbhttp:\/\/corven.jonsu.urltemporal.com\/es\/wp-content\/uploads\/2020\/08\/linealiviana_corvenhitech_corven.png\u00bb image_size=\u00bbfull\u00bb lightbox=\u00bbtrue\u00bb margin_bottom=\u00bb20&#8243;][mk_button dimension=\u00bbflat\u00bb size=\u00bblarge\u00bb url=\u00bbhttps:\/\/corven.jonsu.urltemporal.com\/es\/fichas\/LineaLiviana_CorvenHiTech_Corven.pdf\u00bb target=\u00bb_blank\u00bb align=\u00bbcenter\u00bb fullwidth=\u00bbtrue\u00bb margin_bottom=\u00bb10&#8243; margin_right=\u00bb0&#8243; bg_color=\u00bb#000000&#8243; btn_hover_bg=\u00bb#f28b31&#8243; btn_hover_txt_color=\u00bb#ffffff\u00bb]Ver info t\u00e9cnica[\/mk_button][\/vc_column_inner][\/vc_row_inner][vc_row_inner css=\u00bb.vc_custom_1592860637440{margin-top: 0px !important;margin-right: 0px !important;margin-bottom: 0px !important;margin-left: 0px !important;border-top-width: 0px !important;border-right-width: 0px !important;border-bottom-width: 0px !important;border-left-width: 0px !important;padding-top: 0px !important;padding-right: 0px !important;padding-bottom: 0px !important;padding-left: 0px !important;}\u00bb][vc_column_inner width=\u00bb2\/3&#8243;][vc_video link=\u00bbhttps:\/\/www.youtube.com\/watch?v=LlLbApteS5o\u00bb animation=\u00bbfade-in\u00bb][\/vc_column_inner][vc_column_inner width=\u00bb1\/3&#8243; css=\u00bb.vc_custom_1592857436038{padding-top: 20px !important;padding-right: 20px !important;padding-bottom: 20px !important;padding-left: 20px !important;background-color: #d8d8d8 !important;}\u00bb][mk_fancy_title size=\u00bb32&#8243; font_weight=\u00bb300&#8243; txt_transform=\u00bbuppercase\u00bb margin_bottom=\u00bb10&#8243; font_family=\u00bbnone\u00bb]Busc\u00e1s este producto para un veh\u00edculo espec\u00edfico?<br \/>\n<span style=\"color: #1eb8ec;\"><strong>Consult\u00e1 <\/strong><\/span><span style=\"color: #1eb8ec;\"><strong>nuestro <\/strong><\/span><span style=\"color: #1eb8ec;\"><strong>cat\u00e1logo<\/strong><\/span>[\/mk_fancy_title][mk_button dimension=\u00bbflat\u00bb size=\u00bblarge\u00bb url=\u00bbhttps:\/\/corven.jonsu.urltemporal.com\/es\/fichas\/Catalogo Amortiguadores_2020_250620_SMALL.pdf\u00bb target=\u00bb_blank\u00bb align=\u00bbcenter\u00bb fullwidth=\u00bbtrue\u00bb margin_bottom=\u00bb10&#8243; margin_right=\u00bb0&#8243; bg_color=\u00bb#1eb8ec\u00bb btn_hover_bg=\u00bb#000000&#8243; btn_hover_txt_color=\u00bb#1eb8ec\u00bb]Cat\u00e1logo PDF[\/mk_button][mk_button dimension=\u00bbflat\u00bb size=\u00bblarge\u00bb url=\u00bbhttps:\/\/corvenautopartes.com.ar\/catalogo\/index.php\u00bb target=\u00bb_blank\u00bb align=\u00bbcenter\u00bb fullwidth=\u00bbtrue\u00bb margin_bottom=\u00bb10&#8243; margin_right=\u00bb0&#8243; bg_color=\u00bb#1eb8ec\u00bb btn_hover_bg=\u00bb#000000&#8243; btn_hover_txt_color=\u00bb#1eb8ec\u00bb]Cat\u00e1logo Online[\/mk_button][\/vc_column_inner][\/vc_row_inner][\/vc_tab][vc_tab title=\u00bbSport\u00bb tab_id=\u00bb1592859280863-3-10&#8243;][vc_row_inner css=\u00bb.vc_custom_1592860522280{padding-top: 0px !important;padding-right: 0px !important;padding-bottom: 0px !important;padding-left: 0px !important;}\u00bb][vc_column_inner width=\u00bb1\/3&#8243;][mk_image src=\u00bbhttp:\/\/corven.jonsu.urltemporal.com\/es\/wp-content\/uploads\/2020\/06\/logos-05.png\u00bb image_size=\u00bbfull\u00bb margin_bottom=\u00bb20&#8243;][vc_column_text css=\u00bb.vc_custom_1592859756881{margin-bottom: 0px !important;}\u00bb]Para conductores m\u00e1s arriesgados, y siempre pensando en la seguridad, se crea Corven Sport. Corven Sport es un amortiguador deportivo dise\u00f1ado para acompa\u00f1ar la modificaci\u00f3n de la altura del veh\u00edculo, ya que permite un contacto completo de los neum\u00e1ticos al suelo en todo momento, mejorando la maniobrabilidad y el control del veh\u00edculo.[\/vc_column_text][\/vc_column_inner][vc_column_inner width=\u00bb1\/3&#8243;][mk_image src=\u00bbhttp:\/\/corven.jonsu.urltemporal.com\/es\/wp-content\/uploads\/2020\/07\/linealiviana-amortiguadores-corven-sport.jpg\u00bb image_size=\u00bbfull\u00bb lightbox=\u00bbtrue\u00bb margin_bottom=\u00bb20&#8243;][\/vc_column_inner][vc_column_inner width=\u00bb1\/3&#8243;][mk_image src=\u00bbhttp:\/\/corven.jonsu.urltemporal.com\/es\/wp-content\/uploads\/2020\/08\/linealiviana_corvensport_corven.png\u00bb image_size=\u00bbfull\u00bb lightbox=\u00bbtrue\u00bb margin_bottom=\u00bb20&#8243;][mk_button dimension=\u00bbflat\u00bb size=\u00bblarge\u00bb url=\u00bbhttps:\/\/corven.jonsu.urltemporal.com\/es\/fichas\/LineaLiviana_CorvenSport_Corven.pdf\u00bb target=\u00bb_blank\u00bb align=\u00bbcenter\u00bb fullwidth=\u00bbtrue\u00bb margin_bottom=\u00bb10&#8243; margin_right=\u00bb0&#8243; bg_color=\u00bb#000000&#8243; btn_hover_bg=\u00bb#f28b31&#8243; btn_hover_txt_color=\u00bb#ffffff\u00bb]Ver info t\u00e9cnica[\/mk_button][\/vc_column_inner][\/vc_row_inner][vc_row_inner css=\u00bb.vc_custom_1592860522280{padding-top: 0px !important;padding-right: 0px !important;padding-bottom: 0px !important;padding-left: 0px !important;}\u00bb][vc_column_inner width=\u00bb2\/3&#8243;][vc_video link=\u00bbhttps:\/\/youtu.be\/djjvozNI_68&#8243; animation=\u00bbfade-in\u00bb][\/vc_column_inner][vc_column_inner width=\u00bb1\/3&#8243; css=\u00bb.vc_custom_1592857436038{padding-top: 20px !important;padding-right: 20px !important;padding-bottom: 20px !important;padding-left: 20px !important;background-color: #d8d8d8 !important;}\u00bb][mk_fancy_title size=\u00bb32&#8243; font_weight=\u00bb300&#8243; txt_transform=\u00bbuppercase\u00bb margin_bottom=\u00bb10&#8243; font_family=\u00bbnone\u00bb]Busc\u00e1s este producto para un veh\u00edculo espec\u00edfico?<br \/>\n<span style=\"color: #ec162d;\"><strong>Consult\u00e1 <\/strong><\/span><span style=\"color: #ec162d;\"><strong>nuestro <\/strong><\/span><span style=\"color: #ec162d;\"><strong>cat\u00e1logo<\/strong><\/span>[\/mk_fancy_title][mk_button dimension=\u00bbflat\u00bb size=\u00bblarge\u00bb url=\u00bbhttps:\/\/corven.jonsu.urltemporal.com\/es\/fichas\/Catalogo Amortiguadores_2020_250620_SMALL.pdf\u00bb target=\u00bb_blank\u00bb align=\u00bbcenter\u00bb fullwidth=\u00bbtrue\u00bb margin_bottom=\u00bb10&#8243; margin_right=\u00bb0&#8243; bg_color=\u00bb#ec162d\u00bb btn_hover_bg=\u00bb#000000&#8243; btn_hover_txt_color=\u00bb#ec162d\u00bb]Cat\u00e1logo PDF[\/mk_button][mk_button dimension=\u00bbflat\u00bb size=\u00bblarge\u00bb url=\u00bbhttps:\/\/corvenautopartes.com.ar\/catalogo\/index.php\u00bb target=\u00bb_blank\u00bb align=\u00bbcenter\u00bb fullwidth=\u00bbtrue\u00bb margin_bottom=\u00bb10&#8243; margin_right=\u00bb0&#8243; bg_color=\u00bb#ec162d\u00bb btn_hover_bg=\u00bb#000000&#8243; btn_hover_txt_color=\u00bb#ec162d\u00bb]Cat\u00e1logo Online[\/mk_button][\/vc_column_inner][\/vc_row_inner][\/vc_tab][\/vc_tabs][\/vc_column][\/vc_row][vc_row fullwidth=\u00bbtrue\u00bb fullwidth_content=\u00bbfalse\u00bb css=\u00bb.vc_custom_1592321973496{padding-top: 20px !important;background-color: #000000 !important;}\u00bb][vc_column width=\u00bb1\/2&#8243;][mk_fancy_title color=\u00bb#ffffff\u00bb size=\u00bb32&#8243; font_weight=\u00bb300&#8243; txt_transform=\u00bbuppercase\u00bb margin_top=\u00bb20&#8243; margin_bottom=\u00bb\u00bb font_family=\u00bbnone\u00bb align=\u00bbright\u00bb]Corven en las redes[\/mk_fancy_title][\/vc_column][vc_column width=\u00bb1\/2&#8243;][mk_social_networks size=\u00bbx-large\u00bb style=\u00bbsquare-pointed\u00bb border_color=\u00bb#ff4f09&#8243; icon_color=\u00bb#ff4f09&#8243; facebook=\u00bbhttps:\/\/www.facebook.com\/Corven.Autopartes\/\u00bb instagram=\u00bbhttps:\/\/www.instagram.com\/corven.autopartes\/\u00bb youtube=\u00bbhttps:\/\/www.youtube.com\/channel\/UC-oscg3tRxD_n3IU-50q8BA\u00bb][\/vc_column][\/vc_row][vc_row fullwidth=\u00bbtrue\u00bb fullwidth_content=\u00bbfalse\u00bb css=\u00bb.vc_custom_1593984405022{padding-top: 40px !important;padding-bottom: 40px !important;background-image: url(http:\/\/corven.jonsu.urltemporal.com\/es\/wp-content\/uploads\/2020\/06\/back-instagram-02.png?id=66) !important;background-position: center !important;background-repeat: no-repeat !important;background-size: cover !important;}\u00bb][vc_column][vc_column_text css=\u00bb.vc_custom_1593985373993{margin-bottom: 0px !important;}\u00bb]\t\t<div id=\"sbi_mod_error\" >\n\t\t\t<span>Este mensaje de error solo es visible para los administradores de WordPress<\/span><br\/>\n\t\t\t<p><strong>Error: No se ha encontrado ning\u00fan feed.<\/strong>\n\t\t\t<p>Por favor, ve a la p\u00e1gina de ajustes de Instagram Feed para crear un feed.<\/p>\n\t\t<\/div>\n\t\t[\/vc_column_text][\/vc_column][\/vc_row][vc_row fullwidth=\u00bbtrue\u00bb fullwidth_content=\u00bbfalse\u00bb css=\u00bb.vc_custom_1592321459426{background-color: #fc4f00 !important;}\u00bb][vc_column][mk_fancy_title color=\u00bb#ffffff\u00bb size=\u00bb32&#8243; font_weight=\u00bb300&#8243; txt_transform=\u00bbuppercase\u00bb margin_top=\u00bb20&#8243; margin_bottom=\u00bb\u00bb font_family=\u00bbnone\u00bb align=\u00bbcenter\u00bb]Comunicate con nosotros[\/mk_fancy_title][\/vc_column][\/vc_row][vc_row fullwidth=\u00bbtrue\u00bb fullwidth_content=\u00bbfalse\u00bb equal_columns=\u00bbtrue\u00bb css=\u00bb.vc_custom_1594729511642{background-image: url(http:\/\/corven.jonsu.urltemporal.com\/es\/wp-content\/uploads\/2020\/07\/contacto-back-01.jpg?id=555) !important;background-position: center !important;background-repeat: no-repeat !important;background-size: cover !important;}\u00bb][vc_column width=\u00bb1\/3&#8243; css=\u00bb.vc_custom_1593711813364{padding-top: 40px !important;padding-right: 40px !important;padding-bottom: 40px !important;padding-left: 40px !important;background-color: rgba(255,255,255,0.8) !important;*background-color: rgb(255,255,255) !important;}\u00bb][mk_fancy_title color=\u00bb#000000&#8243; size=\u00bb24&#8243; font_weight=\u00bb300&#8243; txt_transform=\u00bbuppercase\u00bb margin_top=\u00bb40&#8243; margin_bottom=\u00bb\u00bb font_family=\u00bbnone\u00bb]Ante cualquier consulta complet\u00e1 el siguiente formulario para asesorarte y comunicarnos a la brevedad.[\/mk_fancy_title][mk_fancy_title color=\u00bb#ff4f09&#8243; size=\u00bb24&#8243; font_weight=\u00bb300&#8243; txt_transform=\u00bbuppercase\u00bb margin_top=\u00bb20&#8243; margin_bottom=\u00bb\u00bb font_family=\u00bbnone\u00bb]Muchas gracias[\/mk_fancy_title][\/vc_column][vc_column width=\u00bb2\/3&#8243;][mk_padding_divider]<style id=\"wpforms-css-vars-1377\">\n\t\t\t\t#wpforms-1377 {\n\t\t\t\t\n\t\t\t}\n\t\t\t<\/style><div class=\"wpforms-container wpforms-container-full wpforms-render-modern\" id=\"wpforms-1377\"><form id=\"wpforms-form-1377\" class=\"wpforms-validate wpforms-form wpforms-ajax-form\" data-formid=\"1377\" method=\"post\" enctype=\"multipart\/form-data\" action=\"\/index.php\/wp-json\/wp\/v2\/pages\/104\" data-token=\"b3de59f660bc04cda7e31ba3cf0c3f87\" data-token-time=\"1776661369\"><noscript class=\"wpforms-error-noscript\">Por favor, activa JavaScript en tu navegador para completar este formulario.<\/noscript><div id=\"wpforms-error-noscript\" style=\"display: none;\">Por favor, activa JavaScript en tu navegador para completar este formulario.<\/div><div class=\"wpforms-field-container\"><div id=\"wpforms-1377-field_0-container\" class=\"wpforms-field wpforms-field-name\" data-field-id=\"0\"><fieldset><legend class=\"wpforms-field-label wpforms-label-hide\" aria-hidden=\"false\">Nombre <span class=\"wpforms-required-label\" aria-hidden=\"true\">*<\/span><\/legend><div class=\"wpforms-field-row wpforms-field-large\"><div class=\"wpforms-field-row-block wpforms-first wpforms-one-half\"><input type=\"text\" id=\"wpforms-1377-field_0\" class=\"wpforms-field-name-first wpforms-field-required\" name=\"wpforms[fields][0][first]\" placeholder=\"Nombre\" aria-errormessage=\"wpforms-1377-field_0-error\" required><label for=\"wpforms-1377-field_0\" class=\"wpforms-field-sublabel after wpforms-sublabel-hide\">Nombre<\/label><\/div><div class=\"wpforms-field-row-block wpforms-one-half\"><input type=\"text\" id=\"wpforms-1377-field_0-last\" class=\"wpforms-field-name-last wpforms-field-required\" name=\"wpforms[fields][0][last]\" placeholder=\"Apellido\" aria-errormessage=\"wpforms-1377-field_0-last-error\" required><label for=\"wpforms-1377-field_0-last\" class=\"wpforms-field-sublabel after wpforms-sublabel-hide\">Apellidos<\/label><\/div><\/div><\/fieldset><\/div><div id=\"wpforms-1377-field_4-container\" class=\"wpforms-field wpforms-field-text\" data-field-id=\"4\"><label class=\"wpforms-field-label wpforms-label-hide\" for=\"wpforms-1377-field_4\" aria-hidden=\"false\">Tel\u00e9fono<\/label><input type=\"text\" id=\"wpforms-1377-field_4\" class=\"wpforms-field-large\" name=\"wpforms[fields][4]\" placeholder=\"Tel\u00e9fono\" aria-errormessage=\"wpforms-1377-field_4-error\" ><\/div><div id=\"wpforms-1377-field_1-container\" class=\"wpforms-field wpforms-field-email\" data-field-id=\"1\"><label class=\"wpforms-field-label wpforms-label-hide\" for=\"wpforms-1377-field_1\" aria-hidden=\"false\">Email <span class=\"wpforms-required-label\" aria-hidden=\"true\">*<\/span><\/label><input type=\"email\" id=\"wpforms-1377-field_1\" class=\"wpforms-field-large wpforms-field-required\" name=\"wpforms[fields][1]\" placeholder=\"Email\" spellcheck=\"false\" aria-errormessage=\"wpforms-1377-field_1-error\" required><\/div><div id=\"wpforms-1377-field_2-container\" class=\"wpforms-field wpforms-field-textarea\" data-field-id=\"2\"><label class=\"wpforms-field-label wpforms-label-hide\" for=\"wpforms-1377-field_2\" aria-hidden=\"false\">Consulta<\/label><textarea id=\"wpforms-1377-field_2\" class=\"wpforms-field-medium\" name=\"wpforms[fields][2]\" placeholder=\"Escribinos tu consulta\" aria-errormessage=\"wpforms-1377-field_2-error\" ><\/textarea><\/div><\/div><!-- .wpforms-field-container --><div class=\"wpforms-submit-container\" ><input type=\"hidden\" name=\"wpforms[id]\" value=\"1377\"><input type=\"hidden\" name=\"page_title\" value=\"\"><input type=\"hidden\" name=\"page_url\" value=\"https:\/\/corvenautopartes.com.ar\/index.php\/wp-json\/wp\/v2\/pages\/104\"><input type=\"hidden\" name=\"url_referer\" value=\"\"><button type=\"submit\" name=\"wpforms[submit]\" id=\"wpforms-submit-1377\" class=\"wpforms-submit\" data-alt-text=\"Enviando...\" data-submit-text=\"Enviar\" aria-live=\"assertive\" value=\"wpforms-submit\">Enviar<\/button><img loading=\"lazy\" decoding=\"async\" src=\"https:\/\/corvenautopartes.com.ar\/wp-content\/plugins\/wpforms-lite\/assets\/images\/submit-spin.svg\" class=\"wpforms-submit-spinner\" style=\"display: none;\" width=\"26\" height=\"26\" alt=\"Cargando\"><\/div><\/form><\/div>  <!-- .wpforms-container -->[mk_padding_divider][\/vc_column][\/vc_row]\n","protected":false},"excerpt":{"rendered":"<p>[vc_row fullwidth=\u00bbtrue\u00bb css=\u00bb.vc_custom_1592408274162{margin-top: 0px !important;}\u00bb][vc_column][mk_fullwidth_slideshow padding=\u00bb0&#8243; bg_position=\u00bbcenter center\u00bb images=\u00bb681&#8243; stretch_images=\u00bbtrue\u00bb effect=\u00bbslide\u00bb pause_on_hover=\u00bbtrue\u00bb][\/vc_column][\/vc_row][vc_row fullwidth=\u00bbtrue\u00bb fullwidth_content=\u00bbfalse\u00bb css=\u00bb.vc_custom_1592321433395{background-color: #fc4f00 !important;}\u00bb][vc_column width=\u00bb1\/4&#8243;][\/vc_column][vc_column width=\u00bb1\/4&#8243;][mk_image src=\u00bbhttp:\/\/corven.jonsu.urltemporal.com\/es\/wp-content\/uploads\/2020\/06\/accesos-amortiguadores-03.jpg\u00bb image_size=\u00bbfull\u00bb margin_bottom=\u00bb0&#8243; el_class=\u00bbmarca-corven\u00bb][\/vc_column][vc_column width=\u00bb1\/4&#8243;][mk_image src=\u00bbhttp:\/\/corven.jonsu.urltemporal.com\/es\/wp-content\/uploads\/2020\/06\/accesos-amortiguadores-04.jpg\u00bb image_size=\u00bbfull\u00bb link=\u00bb\/index.php\/amortiguadores-lip\/\u00bb margin_bottom=\u00bb0&#8243; el_class=\u00bbmarca-lip\u00bb][\/vc_column][vc_column width=\u00bb1\/4&#8243;][\/vc_column][\/vc_row][vc_row fullwidth=\u00bbtrue\u00bb fullwidth_content=\u00bbfalse\u00bb equal_columns=\u00bbtrue\u00bb css=\u00bb.vc_custom_1594045831637{padding-top: 20px !important;padding-bottom: 80px !important;}\u00bb el_class=\u00bbcorner-right\u00bb][vc_column][vc_tabs responsive=\u00bbfalse\u00bb][vc_tab title=\u00bbPlus\u00bb tab_id=\u00bb1592854114-1-41&#8243;][vc_row_inner css=\u00bb.vc_custom_1592860629087{padding-top: 0px !important;padding-right: 0px !important;padding-bottom: 0px !important;padding-left: 0px !important;}\u00bb][vc_column_inner width=\u00bb1\/3&#8243;][mk_image src=\u00bbhttp:\/\/corven.jonsu.urltemporal.com\/es\/wp-content\/uploads\/2020\/06\/corven-plus-03.jpg\u00bb image_size=\u00bbfull\u00bb margin_bottom=\u00bb20&#8243;][vc_column_text [&hellip;]<\/p>\n","protected":false},"author":1,"featured_media":0,"parent":0,"menu_order":0,"comment_status":"closed","ping_status":"closed","template":"","meta":{"footnotes":""},"class_list":["post-104","page","type-page","status-publish","hentry"],"_links":{"self":[{"href":"https:\/\/corvenautopartes.com.ar\/index.php\/wp-json\/wp\/v2\/pages\/104","targetHints":{"allow":["GET"]}}],"collection":[{"href":"https:\/\/corvenautopartes.com.ar\/index.php\/wp-json\/wp\/v2\/pages"}],"about":[{"href":"https:\/\/corvenautopartes.com.ar\/index.php\/wp-json\/wp\/v2\/types\/page"}],"author":[{"embeddable":true,"href":"https:\/\/corvenautopartes.com.ar\/index.php\/wp-json\/wp\/v2\/users\/1"}],"replies":[{"embeddable":true,"href":"https:\/\/corvenautopartes.com.ar\/index.php\/wp-json\/wp\/v2\/comments?post=104"}],"version-history":[{"count":91,"href":"https:\/\/corvenautopartes.com.ar\/index.php\/wp-json\/wp\/v2\/pages\/104\/revisions"}],"predecessor-version":[{"id":1435,"href":"https:\/\/corvenautopartes.com.ar\/index.php\/wp-json\/wp\/v2\/pages\/104\/revisions\/1435"}],"wp:attachment":[{"href":"https:\/\/corvenautopartes.com.ar\/index.php\/wp-json\/wp\/v2\/media?parent=104"}],"curies":[{"name":"wp","href":"https:\/\/api.w.org\/{rel}","templated":true}]}}