{"id":1211,"date":"2022-03-03T19:04:58","date_gmt":"2022-03-03T19:04:58","guid":{"rendered":"https:\/\/corvenautopartes.com.ar\/?page_id=1211"},"modified":"2022-09-13T13:55:55","modified_gmt":"2022-09-13T13:55:55","slug":"rotulas-extremos-y-axiales-ctr","status":"publish","type":"page","link":"https:\/\/corvenautopartes.com.ar\/index.php\/rotulas-extremos-y-axiales-ctr\/","title":{"rendered":"R\u00f3tulas, Extremos y Axiales"},"content":{"rendered":"[vc_row fullwidth=\u00bbtrue\u00bb css=\u00bb.vc_custom_1592408274162{margin-top: 0px !important;}\u00bb][vc_column][mk_fullwidth_slideshow padding=\u00bb0&#8243; images=\u00bb452&#8243; stretch_images=\u00bbtrue\u00bb effect=\u00bbslide\u00bb pause_on_hover=\u00bbtrue\u00bb][\/vc_column][\/vc_row][vc_row fullwidth=\u00bbtrue\u00bb fullwidth_content=\u00bbfalse\u00bb css=\u00bb.vc_custom_1592321433395{background-color: #fc4f00 !important;}\u00bb][vc_column width=\u00bb1\/4&#8243;][\/vc_column][vc_column width=\u00bb1\/4&#8243;][mk_image src=\u00bbhttps:\/\/corvenautopartes.com.ar\/wp-content\/uploads\/2022\/03\/accesos-amortiguadores-04.jpg\u00bb image_size=\u00bbfull\u00bb link=\u00bbhttps:\/\/corvenautopartes.com.ar\/index.php\/rotulas-extremos-y-axiales-ctr\u00bb margin_bottom=\u00bb0&#8243; el_class=\u00bbmarca-corven\u00bb][\/vc_column][vc_column width=\u00bb1\/4&#8243;][mk_image src=\u00bbhttp:\/\/corven.jonsu.urltemporal.com\/es\/wp-content\/uploads\/2020\/06\/accesos-amortiguadores-03.jpg\u00bb image_size=\u00bbfull\u00bb link=\u00bbhttps:\/\/corvenautopartes.com.ar\/index.php\/rotulas-extremos-y-axiales\/\u00bb margin_bottom=\u00bb0&#8243; el_class=\u00bbmarca-lip\u00bb][\/vc_column][vc_column width=\u00bb1\/4&#8243;][\/vc_column][\/vc_row][vc_row fullwidth=\u00bbtrue\u00bb fullwidth_content=\u00bbfalse\u00bb css=\u00bb.vc_custom_1593989580064{padding-top: 20px !important;}\u00bb el_class=\u00bbcorner-right\u00bb][vc_column width=\u00bb1\/3&#8243;][mk_fancy_title color=\u00bb#000000&#8243; size=\u00bb32&#8243; font_weight=\u00bb300&#8243; margin_top=\u00bb20&#8243; margin_bottom=\u00bb\u00bb font_family=\u00bbnone\u00bb]R\u00f3tulas, Extremos y Axiales[\/mk_fancy_title][\/vc_column][vc_column width=\u00bb1\/3&#8243;][\/vc_column][vc_column width=\u00bb1\/3&#8243;][\/vc_column][\/vc_row][vc_row fullwidth=\u00bbtrue\u00bb fullwidth_content=\u00bbfalse\u00bb css=\u00bb.vc_custom_1593989580064{padding-top: 20px !important;}\u00bb el_class=\u00bbcorner-right\u00bb][vc_column width=\u00bb2\/3&#8243;][vc_video host=\u00bbself_hosted\u00bb mp4=\u00bbhttps:\/\/corvenautopartes.com.ar\/wp-content\/uploads\/2022\/09\/ctr.mp4&#8243;][mk_padding_divider][vc_column_text css=\u00bb.vc_custom_1646338010142{margin-bottom: 0px !important;}\u00bb]CTR tiene un revestimiento de electrodeposici\u00f3n comparable al nivel de equipo original para evitar que la oxidaci\u00f3n reduzca la durabilidad.<\/p>\n<p>CTR utiliza un asiento de bola de pol\u00edmero. El bajo da\u00f1o por fricci\u00f3n y la baja variaci\u00f3n en el par y la holgura pueden mantener el rendimiento durante mucho<br \/>\ntiempo.<\/p>\n<p>CTR reduce la rugosidad de la esfera a trav\u00e9s de un proceso de pulido, mejorando la suavidad de la superficie de la misma.[\/vc_column_text][\/vc_column][vc_column width=\u00bb1\/3&#8243;][mk_image src=\u00bbhttps:\/\/corvenautopartes.com.ar\/wp-content\/uploads\/2022\/03\/comunicacion_ctr_010222_2-5.jpg\u00bb image_height=\u00bb430&#8243; lightbox=\u00bbtrue\u00bb hover_image_overlay=\u00bbfalse\u00bb align=\u00bbcenter\u00bb][mk_button dimension=\u00bbflat\u00bb size=\u00bblarge\u00bb url=\u00bb\/fichas\/ctr.pdf\u00bb target=\u00bb_blank\u00bb align=\u00bbcenter\u00bb fullwidth=\u00bbtrue\u00bb margin_bottom=\u00bb10&#8243; margin_right=\u00bb0&#8243; bg_color=\u00bb#000000&#8243; btn_hover_bg=\u00bb#e2001f\u00bb btn_hover_txt_color=\u00bb#ffffff\u00bb]Info t\u00e9cnica en PDF[\/mk_button][vc_row_inner css=\u00bb.vc_custom_1663077315702{padding-top: 20px !important;padding-bottom: 20px !important;background-color: #cccccc !important;}\u00bb][vc_column_inner][mk_fancy_title size=\u00bb32&#8243; font_weight=\u00bb300&#8243; txt_transform=\u00bbuppercase\u00bb margin_bottom=\u00bb10&#8243; font_family=\u00bbnone\u00bb]Busc\u00e1s este producto para un veh\u00edculo espec\u00edfico?<br \/>\n<span style=\"color: #fc4f00;\"><strong>Consult\u00e1 <\/strong><\/span><span style=\"color: #fc4f00;\"><strong>nuestro <\/strong><\/span><span style=\"color: #fc4f00;\"><strong>cat\u00e1logo<\/strong><\/span>[\/mk_fancy_title][mk_button dimension=\u00bbflat\u00bb size=\u00bblarge\u00bb url=\u00bb\/fichas\/catalogo-ctr.pdf\u00bb target=\u00bb_blank\u00bb align=\u00bbcenter\u00bb fullwidth=\u00bbtrue\u00bb margin_bottom=\u00bb10&#8243; margin_right=\u00bb0&#8243; bg_color=\u00bb#fc4f00&#8243; btn_hover_bg=\u00bb#000000&#8243; btn_hover_txt_color=\u00bb#fc4f00&#8243;]Cat\u00e1logo PDF[\/mk_button][\/vc_column_inner][\/vc_row_inner][\/vc_column][\/vc_row][vc_row fullwidth=\u00bbtrue\u00bb fullwidth_content=\u00bbfalse\u00bb equal_columns=\u00bbtrue\u00bb css=\u00bb.vc_custom_1594730562257{padding-top: 20px !important;padding-bottom: 80px !important;}\u00bb el_class=\u00bbcorner-right\u00bb][vc_column width=\u00bb2\/3&#8243;][mk_gallery images=\u00bb1213,1214,1215,1216&#8243; column=\u00bb4&#8243; image_size=\u00bbfull\u00bb][\/vc_column][vc_column width=\u00bb1\/3&#8243;][\/vc_column][\/vc_row][vc_row fullwidth=\u00bbtrue\u00bb fullwidth_content=\u00bbfalse\u00bb css=\u00bb.vc_custom_1592321973496{padding-top: 20px !important;background-color: #000000 !important;}\u00bb][vc_column width=\u00bb1\/2&#8243;][mk_fancy_title color=\u00bb#ffffff\u00bb size=\u00bb32&#8243; font_weight=\u00bb300&#8243; txt_transform=\u00bbuppercase\u00bb margin_top=\u00bb20&#8243; margin_bottom=\u00bb\u00bb font_family=\u00bbnone\u00bb align=\u00bbright\u00bb]Corven en las redes[\/mk_fancy_title][\/vc_column][vc_column width=\u00bb1\/2&#8243;][mk_social_networks size=\u00bbx-large\u00bb style=\u00bbsquare-pointed\u00bb border_color=\u00bb#ff4f09&#8243; icon_color=\u00bb#ff4f09&#8243; facebook=\u00bbhttps:\/\/www.facebook.com\/Corven.Autopartes\/\u00bb instagram=\u00bbhttps:\/\/www.instagram.com\/corven.autopartes\/\u00bb youtube=\u00bbhttps:\/\/www.youtube.com\/channel\/UC-oscg3tRxD_n3IU-50q8BA\u00bb][\/vc_column][\/vc_row][vc_row fullwidth=\u00bbtrue\u00bb fullwidth_content=\u00bbfalse\u00bb css=\u00bb.vc_custom_1593984405022{padding-top: 40px !important;padding-bottom: 40px !important;background-image: url(http:\/\/corven.jonsu.urltemporal.com\/es\/wp-content\/uploads\/2020\/06\/back-instagram-02.png?id=66) !important;background-position: center !important;background-repeat: no-repeat !important;background-size: cover !important;}\u00bb][vc_column][vc_column_text css=\u00bb.vc_custom_1593985373993{margin-bottom: 0px !important;}\u00bb]\t\t<div id=\"sbi_mod_error\" >\n\t\t\t<span>Este mensaje de error solo es visible para los administradores de WordPress<\/span><br\/>\n\t\t\t<p><strong>Error: No se ha encontrado ning\u00fan feed.<\/strong>\n\t\t\t<p>Por favor, ve a la p\u00e1gina de ajustes de Instagram Feed para crear un feed.<\/p>\n\t\t<\/div>\n\t\t[\/vc_column_text][\/vc_column][\/vc_row][vc_row fullwidth=\u00bbtrue\u00bb fullwidth_content=\u00bbfalse\u00bb css=\u00bb.vc_custom_1592321459426{background-color: #fc4f00 !important;}\u00bb][vc_column][mk_fancy_title color=\u00bb#ffffff\u00bb size=\u00bb32&#8243; font_weight=\u00bb300&#8243; txt_transform=\u00bbuppercase\u00bb margin_top=\u00bb20&#8243; margin_bottom=\u00bb\u00bb font_family=\u00bbnone\u00bb align=\u00bbcenter\u00bb]Comunicate con nosotros[\/mk_fancy_title][\/vc_column][\/vc_row][vc_row fullwidth=\u00bbtrue\u00bb fullwidth_content=\u00bbfalse\u00bb equal_columns=\u00bbtrue\u00bb css=\u00bb.vc_custom_1594729511642{background-image: url(http:\/\/corven.jonsu.urltemporal.com\/es\/wp-content\/uploads\/2020\/07\/contacto-back-01.jpg?id=555) !important;background-position: center !important;background-repeat: no-repeat !important;background-size: cover !important;}\u00bb][vc_column width=\u00bb1\/3&#8243; css=\u00bb.vc_custom_1593711813364{padding-top: 40px !important;padding-right: 40px !important;padding-bottom: 40px !important;padding-left: 40px !important;background-color: rgba(255,255,255,0.8) !important;*background-color: rgb(255,255,255) !important;}\u00bb][mk_fancy_title color=\u00bb#000000&#8243; size=\u00bb24&#8243; font_weight=\u00bb300&#8243; txt_transform=\u00bbuppercase\u00bb margin_top=\u00bb40&#8243; margin_bottom=\u00bb\u00bb font_family=\u00bbnone\u00bb]Ante cualquier consulta complet\u00e1 el siguiente formulario para asesorarte y comunicarnos a la brevedad.[\/mk_fancy_title][mk_fancy_title color=\u00bb#ff4f09&#8243; size=\u00bb24&#8243; font_weight=\u00bb300&#8243; txt_transform=\u00bbuppercase\u00bb margin_top=\u00bb20&#8243; margin_bottom=\u00bb\u00bb font_family=\u00bbnone\u00bb]Muchas gracias[\/mk_fancy_title][\/vc_column][vc_column width=\u00bb2\/3&#8243;][mk_padding_divider][mk_contact_form button_text=\u00bbEnviar\u00bb phone=\u00bbtrue\u00bb gdpr_consent=\u00bbfalse\u00bb][mk_padding_divider][\/vc_column][\/vc_row]\n","protected":false},"excerpt":{"rendered":"<p>[vc_row fullwidth=\u00bbtrue\u00bb css=\u00bb.vc_custom_1592408274162{margin-top: 0px !important;}\u00bb][vc_column][mk_fullwidth_slideshow padding=\u00bb0&#8243; images=\u00bb452&#8243; stretch_images=\u00bbtrue\u00bb effect=\u00bbslide\u00bb pause_on_hover=\u00bbtrue\u00bb][\/vc_column][\/vc_row][vc_row fullwidth=\u00bbtrue\u00bb fullwidth_content=\u00bbfalse\u00bb css=\u00bb.vc_custom_1592321433395{background-color: #fc4f00 !important;}\u00bb][vc_column width=\u00bb1\/4&#8243;][\/vc_column][vc_column width=\u00bb1\/4&#8243;][mk_image src=\u00bbhttps:\/\/corvenautopartes.com.ar\/wp-content\/uploads\/2022\/03\/accesos-amortiguadores-04.jpg\u00bb image_size=\u00bbfull\u00bb link=\u00bbhttps:\/\/corvenautopartes.com.ar\/index.php\/rotulas-extremos-y-axiales-ctr\u00bb margin_bottom=\u00bb0&#8243; el_class=\u00bbmarca-corven\u00bb][\/vc_column][vc_column width=\u00bb1\/4&#8243;][mk_image src=\u00bbhttp:\/\/corven.jonsu.urltemporal.com\/es\/wp-content\/uploads\/2020\/06\/accesos-amortiguadores-03.jpg\u00bb image_size=\u00bbfull\u00bb link=\u00bbhttps:\/\/corvenautopartes.com.ar\/index.php\/rotulas-extremos-y-axiales\/\u00bb margin_bottom=\u00bb0&#8243; el_class=\u00bbmarca-lip\u00bb][\/vc_column][vc_column width=\u00bb1\/4&#8243;][\/vc_column][\/vc_row][vc_row fullwidth=\u00bbtrue\u00bb fullwidth_content=\u00bbfalse\u00bb css=\u00bb.vc_custom_1593989580064{padding-top: 20px !important;}\u00bb el_class=\u00bbcorner-right\u00bb][vc_column width=\u00bb1\/3&#8243;][mk_fancy_title color=\u00bb#000000&#8243; size=\u00bb32&#8243; font_weight=\u00bb300&#8243; margin_top=\u00bb20&#8243; margin_bottom=\u00bb\u00bb font_family=\u00bbnone\u00bb]R\u00f3tulas, Extremos y Axiales[\/mk_fancy_title][\/vc_column][vc_column width=\u00bb1\/3&#8243;][\/vc_column][vc_column width=\u00bb1\/3&#8243;][\/vc_column][\/vc_row][vc_row fullwidth=\u00bbtrue\u00bb fullwidth_content=\u00bbfalse\u00bb css=\u00bb.vc_custom_1593989580064{padding-top: 20px !important;}\u00bb el_class=\u00bbcorner-right\u00bb][vc_column width=\u00bb2\/3&#8243;][vc_video host=\u00bbself_hosted\u00bb [&hellip;]<\/p>\n","protected":false},"author":1,"featured_media":0,"parent":0,"menu_order":0,"comment_status":"closed","ping_status":"closed","template":"","meta":{"footnotes":""},"class_list":["post-1211","page","type-page","status-publish","hentry"],"_links":{"self":[{"href":"https:\/\/corvenautopartes.com.ar\/index.php\/wp-json\/wp\/v2\/pages\/1211","targetHints":{"allow":["GET"]}}],"collection":[{"href":"https:\/\/corvenautopartes.com.ar\/index.php\/wp-json\/wp\/v2\/pages"}],"about":[{"href":"https:\/\/corvenautopartes.com.ar\/index.php\/wp-json\/wp\/v2\/types\/page"}],"author":[{"embeddable":true,"href":"https:\/\/corvenautopartes.com.ar\/index.php\/wp-json\/wp\/v2\/users\/1"}],"replies":[{"embeddable":true,"href":"https:\/\/corvenautopartes.com.ar\/index.php\/wp-json\/wp\/v2\/comments?post=1211"}],"version-history":[{"count":24,"href":"https:\/\/corvenautopartes.com.ar\/index.php\/wp-json\/wp\/v2\/pages\/1211\/revisions"}],"predecessor-version":[{"id":1315,"href":"https:\/\/corvenautopartes.com.ar\/index.php\/wp-json\/wp\/v2\/pages\/1211\/revisions\/1315"}],"wp:attachment":[{"href":"https:\/\/corvenautopartes.com.ar\/index.php\/wp-json\/wp\/v2\/media?parent=1211"}],"curies":[{"name":"wp","href":"https:\/\/api.w.org\/{rel}","templated":true}]}}