{"id":14,"date":"2020-06-16T14:08:42","date_gmt":"2020-06-16T14:08:42","guid":{"rendered":"http:\/\/corven.jonsu.urltemporal.com\/es\/?page_id=14"},"modified":"2024-09-04T16:53:42","modified_gmt":"2024-09-04T16:53:42","slug":"empresa","status":"publish","type":"page","link":"https:\/\/corvenautopartes.com.ar\/index.php\/empresa\/","title":{"rendered":"Empresa"},"content":{"rendered":"[vc_row fullwidth=\u00bbtrue\u00bb css=\u00bb.vc_custom_1592408274162{margin-top: 0px !important;}\u00bb][vc_column][mk_fullwidth_slideshow padding=\u00bb0&#8243; bg_position=\u00bbcenter center\u00bb images=\u00bb1468&#8243; stretch_images=\u00bbtrue\u00bb effect=\u00bbslide\u00bb pause_on_hover=\u00bbtrue\u00bb][\/vc_column][\/vc_row][vc_row fullwidth=\u00bbtrue\u00bb fullwidth_content=\u00bbfalse\u00bb css=\u00bb.vc_custom_1592321433395{background-color: #fc4f00 !important;}\u00bb][vc_column][mk_fancy_title color=\u00bb#ffffff\u00bb size=\u00bb32&#8243; font_weight=\u00bb300&#8243; txt_transform=\u00bbuppercase\u00bb margin_top=\u00bb20&#8243; margin_bottom=\u00bb\u00bb font_family=\u00bbnone\u00bb align=\u00bbcenter\u00bb]M\u00e1s de 50 a\u00f1os en el mercado de autopartes[\/mk_fancy_title][\/vc_column][\/vc_row][vc_row fullwidth=\u00bbtrue\u00bb fullwidth_content=\u00bbfalse\u00bb css=\u00bb.vc_custom_1592408758216{padding-top: 20px !important;padding-bottom: 20px !important;}\u00bb][vc_column width=\u00bb1\/2&#8243;][mk_image src=\u00bbhttp:\/\/corven.jonsu.urltemporal.com\/es\/wp-content\/uploads\/2020\/07\/seccion-empresa-cs6-03.jpg\u00bb image_size=\u00bbfull\u00bb align=\u00bbcenter\u00bb margin_bottom=\u00bb0&#8243; animation=\u00bbleft-to-right\u00bb][\/vc_column][vc_column width=\u00bb1\/2&#8243;][vc_column_text css=\u00bb.vc_custom_1592600449625{margin-bottom: 0px !important;}\u00bb]Fundada en 1969, Corven es la mayor compa\u00f1\u00eda independiente del continente americano dedicada a la fabricaci\u00f3n de amortiguadores para sistemas de suspensi\u00f3n de todo tipo de veh\u00edculos automotores.<\/p>\n<p>En la actualidad, Corven ha diversificado su cartera de productos ofreciendo una gama muy completa de autopartes que hacen a los sistemas de freno, embrague, transmisi\u00f3n, suspensi\u00f3n y direcci\u00f3n, las cuales se suman a las tradicionales l\u00edneas que dieron origen a nuestra compa\u00f1\u00eda.<\/p>\n<p><strong>Nuestros productos est\u00e1n concebidos para superar el rendimiento brindado por el equipamiento original, destac\u00e1ndose por su dise\u00f1o que logra una excelente respuesta en seguridad, confort y durabilidad.<\/strong>[\/vc_column_text][\/vc_column][\/vc_row][vc_row fullwidth=\u00bbtrue\u00bb equal_columns=\u00bbtrue\u00bb attached=\u00bbtrue\u00bb css=\u00bb.vc_custom_1594906050603{margin-top: 0px !important;margin-right: 0px !important;margin-bottom: 0px !important;margin-left: 0px !important;border-top-width: 0px !important;border-right-width: 0px !important;border-bottom-width: 0px !important;border-left-width: 0px !important;padding-top: 0px !important;padding-right: 0px !important;padding-bottom: 0px !important;padding-left: 0px !important;background-position: center !important;background-repeat: no-repeat !important;background-size: cover !important;}\u00bb][vc_column width=\u00bb1\/2&#8243;][mk_image src=\u00bbhttp:\/\/corven.jonsu.urltemporal.com\/es\/wp-content\/uploads\/2020\/07\/empresa-07.jpg\u00bb image_width=\u00bb960&#8243; image_height=\u00bb520&#8243; align=\u00bbcenter\u00bb margin_bottom=\u00bb0&#8243; animation=\u00bbleft-to-right\u00bb][\/vc_column][vc_column width=\u00bb1\/2&#8243;][mk_image src=\u00bbhttp:\/\/corven.jonsu.urltemporal.com\/es\/wp-content\/uploads\/2020\/07\/empresa-08.jpg\u00bb image_width=\u00bb960&#8243; image_height=\u00bb520&#8243; align=\u00bbcenter\u00bb margin_bottom=\u00bb0&#8243; animation=\u00bbright-to-left\u00bb][\/vc_column][\/vc_row][vc_row fullwidth=\u00bbtrue\u00bb fullwidth_content=\u00bbfalse\u00bb css=\u00bb.vc_custom_1592601723757{border-top-width: 5px !important;padding-top: 40px !important;padding-bottom: 40px !important;background-image: url(http:\/\/corven.jonsu.urltemporal.com\/es\/wp-content\/uploads\/2020\/06\/empresa-09.jpg?id=157) !important;background-position: center !important;background-repeat: no-repeat !important;background-size: cover !important;border-top-color: #e15200 !important;border-top-style: solid !important;}\u00bb][vc_column width=\u00bb1\/2&#8243;][mk_fancy_title color=\u00bb#e15200&#8243; size=\u00bb32&#8243; font_weight=\u00bb300&#8243; txt_transform=\u00bbuppercase\u00bb margin_top=\u00bb20&#8243; margin_bottom=\u00bb\u00bb font_family=\u00bbnone\u00bb]Calidad y Servicio[\/mk_fancy_title][vc_column_text css=\u00bb.vc_custom_1595269559953{margin-bottom: 0px !important;}\u00bb]Ser l\u00edderes en ventas en el mercado de reposici\u00f3n, implica acrecentar d\u00eda a d\u00eda nuestro compromiso con la calidad. Por esa raz\u00f3n, los procesos de comercializaci\u00f3n y de servicio posventa de Corven Autopartes, as\u00ed como los procesos de fabricaci\u00f3n de Corven S.A.C.I.F. en Argentina se encuentran certificados bajo normas internacionales.<\/p>\n<p>Trabajamos desde hace 50 a\u00f1os garantizando a nuestros usuarios un \u00f3ptimo rendimiento de todos nuestros productos. Adem\u00e1s, en caso de requerirlo, cuentan con certificaci\u00f3n CHAS para la homologaci\u00f3n de autopartes en el mercado argentino, a fin de proteger la seguridad de los consumidores. Corven cuenta con un equipo calificado entrenado en recibir, orientar y resolver cualquier tipo de preguntas relacionadas con nuestros productos.<\/p>\n<p>Simplemente llamando a nuestra l\u00ednea recibir\u00e1 un apoyo personalizado inmediato.[\/vc_column_text][\/vc_column][vc_column width=\u00bb1\/2&#8243;][\/vc_column][\/vc_row][vc_row fullwidth=\u00bbtrue\u00bb fullwidth_content=\u00bbfalse\u00bb disable_element=\u00bbyes\u00bb css=\u00bb.vc_custom_1671136720472{padding-top: 80px !important;padding-bottom: 80px !important;background-image: url(http:\/\/corven.jonsu.urltemporal.com\/es\/wp-content\/uploads\/2020\/06\/empresa-back-06.jpg?id=167) !important;background-position: center !important;background-repeat: no-repeat !important;background-size: cover !important;}\u00bb][vc_column width=\u00bb1\/2&#8243;][\/vc_column][vc_column width=\u00bb1\/2&#8243;][mk_image src=\u00bbhttp:\/\/corven.jonsu.urltemporal.com\/es\/wp-content\/uploads\/2020\/06\/exportamos-06.png\u00bb image_size=\u00bbfull\u00bb align=\u00bbcenter\u00bb margin_bottom=\u00bb20&#8243; animation=\u00bbleft-to-right\u00bb][vc_column_text css=\u00bb.vc_custom_1592601557244{margin-bottom: 0px !important;}\u00bb]Corven exporta su amplia gama de autopartes a m\u00e1s de 35 pa\u00edses en los 5 continentes.<\/p>\n<p>Corven ofrece productos que respetan las m\u00e1s exigentes normas de calidad a nivel internacional, as\u00ed como las especificaciones t\u00e9cnicas requeridas por las terminales automotrices m\u00e1s importantes del mundo.<\/p>\n<p>Nuestros usuarios reconocen a Corven como l\u00edder en autopartes en Am\u00e9rica Latina.[\/vc_column_text][\/vc_column][\/vc_row][vc_row fullwidth=\u00bbtrue\u00bb fullwidth_content=\u00bbfalse\u00bb css=\u00bb.vc_custom_1592600864834{background-color: #000000 !important;}\u00bb][vc_column][mk_fancy_title color=\u00bb#ffffff\u00bb size=\u00bb32&#8243; font_weight=\u00bb300&#8243; txt_transform=\u00bbuppercase\u00bb margin_top=\u00bb20&#8243; margin_bottom=\u00bb\u00bb font_family=\u00bbnone\u00bb align=\u00bbcenter\u00bb]\u00bfQuer\u00e9s unirte al equipo Corven?[\/mk_fancy_title][\/vc_column][\/vc_row][vc_row fullwidth=\u00bbtrue\u00bb fullwidth_content=\u00bbfalse\u00bb id=\u00bbtrabaja-con-nosotros\u00bb][vc_column width=\u00bb1\/3&#8243;][mk_padding_divider size=\u00bb60&#8243;][vc_column_text css=\u00bb.vc_custom_1594753685253{margin-bottom: 0px !important;}\u00bb]Si quer\u00e9s ser parte de nuestro equipo,<br \/>\ncompleta el siguiente formulario con tus datos y<br \/>\nadjunt\u00e1 tu C.V. en formato PDF o WORD[\/vc_column_text][\/vc_column][vc_column width=\u00bb2\/3&#8243;][mk_padding_divider]<style id=\"wpforms-css-vars-1377\">\n\t\t\t\t#wpforms-1377 {\n\t\t\t\t\n\t\t\t}\n\t\t\t<\/style><div class=\"wpforms-container wpforms-container-full wpforms-render-modern\" id=\"wpforms-1377\"><form id=\"wpforms-form-1377\" class=\"wpforms-validate wpforms-form wpforms-ajax-form\" data-formid=\"1377\" method=\"post\" enctype=\"multipart\/form-data\" action=\"\/index.php\/wp-json\/wp\/v2\/pages\/14\" data-token=\"7e38de71f94ca4cc386707c8a6d02c10\" data-token-time=\"1777623255\"><noscript class=\"wpforms-error-noscript\">Por favor, activa JavaScript en tu navegador para completar este formulario.<\/noscript><div id=\"wpforms-error-noscript\" style=\"display: none;\">Por favor, activa JavaScript en tu navegador para completar este formulario.<\/div><div class=\"wpforms-field-container\"><div id=\"wpforms-1377-field_0-container\" class=\"wpforms-field wpforms-field-name\" data-field-id=\"0\"><fieldset><legend class=\"wpforms-field-label wpforms-label-hide\" aria-hidden=\"false\">Nombre <span class=\"wpforms-required-label\" aria-hidden=\"true\">*<\/span><\/legend><div class=\"wpforms-field-row wpforms-field-large\"><div class=\"wpforms-field-row-block wpforms-first wpforms-one-half\"><input type=\"text\" id=\"wpforms-1377-field_0\" class=\"wpforms-field-name-first wpforms-field-required\" name=\"wpforms[fields][0][first]\" placeholder=\"Nombre\" aria-errormessage=\"wpforms-1377-field_0-error\" required><label for=\"wpforms-1377-field_0\" class=\"wpforms-field-sublabel after wpforms-sublabel-hide\">Nombre<\/label><\/div><div class=\"wpforms-field-row-block wpforms-one-half\"><input type=\"text\" id=\"wpforms-1377-field_0-last\" class=\"wpforms-field-name-last wpforms-field-required\" name=\"wpforms[fields][0][last]\" placeholder=\"Apellido\" aria-errormessage=\"wpforms-1377-field_0-last-error\" required><label for=\"wpforms-1377-field_0-last\" class=\"wpforms-field-sublabel after wpforms-sublabel-hide\">Apellidos<\/label><\/div><\/div><\/fieldset><\/div><div id=\"wpforms-1377-field_4-container\" class=\"wpforms-field wpforms-field-text\" data-field-id=\"4\"><label class=\"wpforms-field-label wpforms-label-hide\" for=\"wpforms-1377-field_4\" aria-hidden=\"false\">Tel\u00e9fono<\/label><input type=\"text\" id=\"wpforms-1377-field_4\" class=\"wpforms-field-large\" name=\"wpforms[fields][4]\" placeholder=\"Tel\u00e9fono\" aria-errormessage=\"wpforms-1377-field_4-error\" ><\/div><div id=\"wpforms-1377-field_1-container\" class=\"wpforms-field wpforms-field-email\" data-field-id=\"1\"><label class=\"wpforms-field-label wpforms-label-hide\" for=\"wpforms-1377-field_1\" aria-hidden=\"false\">Email <span class=\"wpforms-required-label\" aria-hidden=\"true\">*<\/span><\/label><input type=\"email\" id=\"wpforms-1377-field_1\" class=\"wpforms-field-large wpforms-field-required\" name=\"wpforms[fields][1]\" placeholder=\"Email\" spellcheck=\"false\" aria-errormessage=\"wpforms-1377-field_1-error\" required><\/div><div id=\"wpforms-1377-field_2-container\" class=\"wpforms-field wpforms-field-textarea\" data-field-id=\"2\"><label class=\"wpforms-field-label wpforms-label-hide\" for=\"wpforms-1377-field_2\" aria-hidden=\"false\">Consulta<\/label><textarea id=\"wpforms-1377-field_2\" class=\"wpforms-field-medium\" name=\"wpforms[fields][2]\" placeholder=\"Escribinos tu consulta\" aria-errormessage=\"wpforms-1377-field_2-error\" ><\/textarea><\/div><\/div><!-- .wpforms-field-container --><div class=\"wpforms-submit-container\" ><input type=\"hidden\" name=\"wpforms[id]\" value=\"1377\"><input type=\"hidden\" name=\"page_title\" value=\"\"><input type=\"hidden\" name=\"page_url\" value=\"https:\/\/corvenautopartes.com.ar\/index.php\/wp-json\/wp\/v2\/pages\/14\"><input type=\"hidden\" name=\"url_referer\" value=\"\"><button type=\"submit\" name=\"wpforms[submit]\" id=\"wpforms-submit-1377\" class=\"wpforms-submit\" data-alt-text=\"Enviando...\" data-submit-text=\"Enviar\" aria-live=\"assertive\" value=\"wpforms-submit\">Enviar<\/button><img loading=\"lazy\" decoding=\"async\" src=\"https:\/\/corvenautopartes.com.ar\/wp-content\/plugins\/wpforms-lite\/assets\/images\/submit-spin.svg\" class=\"wpforms-submit-spinner\" style=\"display: none;\" width=\"26\" height=\"26\" alt=\"Cargando\"><\/div><\/form><\/div>  <!-- .wpforms-container -->[mk_padding_divider][\/vc_column][\/vc_row][vc_row fullwidth=\u00bbtrue\u00bb fullwidth_content=\u00bbfalse\u00bb css=\u00bb.vc_custom_1592321973496{padding-top: 20px !important;background-color: #000000 !important;}\u00bb][vc_column width=\u00bb1\/2&#8243;][mk_fancy_title color=\u00bb#ffffff\u00bb size=\u00bb32&#8243; font_weight=\u00bb300&#8243; txt_transform=\u00bbuppercase\u00bb margin_top=\u00bb20&#8243; margin_bottom=\u00bb\u00bb font_family=\u00bbnone\u00bb align=\u00bbright\u00bb]Corven en las redes[\/mk_fancy_title][\/vc_column][vc_column width=\u00bb1\/2&#8243;][mk_social_networks size=\u00bbx-large\u00bb style=\u00bbsquare-pointed\u00bb border_color=\u00bb#ff4f09&#8243; icon_color=\u00bb#ff4f09&#8243; facebook=\u00bbhttps:\/\/www.facebook.com\/Corven.Autopartes\/\u00bb instagram=\u00bbhttps:\/\/www.instagram.com\/corven.autopartes\/\u00bb youtube=\u00bbhttps:\/\/www.youtube.com\/channel\/UC-oscg3tRxD_n3IU-50q8BA\u00bb][\/vc_column][\/vc_row][vc_row fullwidth=\u00bbtrue\u00bb fullwidth_content=\u00bbfalse\u00bb css=\u00bb.vc_custom_1593984405022{padding-top: 40px !important;padding-bottom: 40px !important;background-image: url(http:\/\/corven.jonsu.urltemporal.com\/es\/wp-content\/uploads\/2020\/06\/back-instagram-02.png?id=66) !important;background-position: center !important;background-repeat: no-repeat !important;background-size: cover !important;}\u00bb][vc_column][vc_column_text css=\u00bb.vc_custom_1593985373993{margin-bottom: 0px !important;}\u00bb]\t\t<div id=\"sbi_mod_error\" >\n\t\t\t<span>Este mensaje de error solo es visible para los administradores de WordPress<\/span><br\/>\n\t\t\t<p><strong>Error: No se ha encontrado ning\u00fan feed.<\/strong>\n\t\t\t<p>Por favor, ve a la p\u00e1gina de ajustes de Instagram Feed para crear un feed.<\/p>\n\t\t<\/div>\n\t\t[\/vc_column_text][\/vc_column][\/vc_row][vc_row fullwidth=\u00bbtrue\u00bb fullwidth_content=\u00bbfalse\u00bb css=\u00bb.vc_custom_1592321459426{background-color: #fc4f00 !important;}\u00bb][vc_column][mk_fancy_title color=\u00bb#ffffff\u00bb size=\u00bb32&#8243; font_weight=\u00bb300&#8243; txt_transform=\u00bbuppercase\u00bb margin_top=\u00bb20&#8243; margin_bottom=\u00bb\u00bb font_family=\u00bbnone\u00bb align=\u00bbcenter\u00bb]Comunicate con nosotros[\/mk_fancy_title][\/vc_column][\/vc_row][vc_row fullwidth=\u00bbtrue\u00bb fullwidth_content=\u00bbfalse\u00bb equal_columns=\u00bbtrue\u00bb css=\u00bb.vc_custom_1594729511642{background-image: url(http:\/\/corven.jonsu.urltemporal.com\/es\/wp-content\/uploads\/2020\/07\/contacto-back-01.jpg?id=555) !important;background-position: center !important;background-repeat: no-repeat !important;background-size: cover !important;}\u00bb][vc_column width=\u00bb1\/3&#8243; css=\u00bb.vc_custom_1593711813364{padding-top: 40px !important;padding-right: 40px !important;padding-bottom: 40px !important;padding-left: 40px !important;background-color: rgba(255,255,255,0.8) !important;*background-color: rgb(255,255,255) !important;}\u00bb][mk_fancy_title color=\u00bb#000000&#8243; size=\u00bb24&#8243; font_weight=\u00bb300&#8243; txt_transform=\u00bbuppercase\u00bb margin_top=\u00bb40&#8243; margin_bottom=\u00bb\u00bb font_family=\u00bbnone\u00bb]Ante cualquier consulta complet\u00e1 el siguiente formulario para asesorarte y comunicarnos a la brevedad.[\/mk_fancy_title][mk_fancy_title color=\u00bb#ff4f09&#8243; size=\u00bb24&#8243; font_weight=\u00bb300&#8243; txt_transform=\u00bbuppercase\u00bb margin_top=\u00bb20&#8243; margin_bottom=\u00bb\u00bb font_family=\u00bbnone\u00bb]Muchas gracias[\/mk_fancy_title][\/vc_column][vc_column width=\u00bb2\/3&#8243;][mk_padding_divider]<style id=\"wpforms-css-vars-1377\">\n\t\t\t\t#wpforms-1377 {\n\t\t\t\t\n\t\t\t}\n\t\t\t<\/style><div class=\"wpforms-container wpforms-container-full wpforms-render-modern\" id=\"wpforms-1377\"><form id=\"wpforms-form-1377\" class=\"wpforms-validate wpforms-form wpforms-ajax-form\" data-formid=\"1377\" method=\"post\" enctype=\"multipart\/form-data\" action=\"\/index.php\/wp-json\/wp\/v2\/pages\/14\" data-token=\"7e38de71f94ca4cc386707c8a6d02c10\" data-token-time=\"1777623255\"><noscript class=\"wpforms-error-noscript\">Por favor, activa JavaScript en tu navegador para completar este formulario.<\/noscript><div id=\"wpforms-error-noscript\" style=\"display: none;\">Por favor, activa JavaScript en tu navegador para completar este formulario.<\/div><div class=\"wpforms-field-container\"><div id=\"wpforms-1377-field_0-container\" class=\"wpforms-field wpforms-field-name\" data-field-id=\"0\"><fieldset><legend class=\"wpforms-field-label wpforms-label-hide\" aria-hidden=\"false\">Nombre <span class=\"wpforms-required-label\" aria-hidden=\"true\">*<\/span><\/legend><div class=\"wpforms-field-row wpforms-field-large\"><div class=\"wpforms-field-row-block wpforms-first wpforms-one-half\"><input type=\"text\" id=\"wpforms-1377-field_0\" class=\"wpforms-field-name-first wpforms-field-required\" name=\"wpforms[fields][0][first]\" placeholder=\"Nombre\" aria-errormessage=\"wpforms-1377-field_0-error\" required><label for=\"wpforms-1377-field_0\" class=\"wpforms-field-sublabel after wpforms-sublabel-hide\">Nombre<\/label><\/div><div class=\"wpforms-field-row-block wpforms-one-half\"><input type=\"text\" id=\"wpforms-1377-field_0-last\" class=\"wpforms-field-name-last wpforms-field-required\" name=\"wpforms[fields][0][last]\" placeholder=\"Apellido\" aria-errormessage=\"wpforms-1377-field_0-last-error\" required><label for=\"wpforms-1377-field_0-last\" class=\"wpforms-field-sublabel after wpforms-sublabel-hide\">Apellidos<\/label><\/div><\/div><\/fieldset><\/div><div id=\"wpforms-1377-field_4-container\" class=\"wpforms-field wpforms-field-text\" data-field-id=\"4\"><label class=\"wpforms-field-label wpforms-label-hide\" for=\"wpforms-1377-field_4\" aria-hidden=\"false\">Tel\u00e9fono<\/label><input type=\"text\" id=\"wpforms-1377-field_4\" class=\"wpforms-field-large\" name=\"wpforms[fields][4]\" placeholder=\"Tel\u00e9fono\" aria-errormessage=\"wpforms-1377-field_4-error\" ><\/div><div id=\"wpforms-1377-field_1-container\" class=\"wpforms-field wpforms-field-email\" data-field-id=\"1\"><label class=\"wpforms-field-label wpforms-label-hide\" for=\"wpforms-1377-field_1\" aria-hidden=\"false\">Email <span class=\"wpforms-required-label\" aria-hidden=\"true\">*<\/span><\/label><input type=\"email\" id=\"wpforms-1377-field_1\" class=\"wpforms-field-large wpforms-field-required\" name=\"wpforms[fields][1]\" placeholder=\"Email\" spellcheck=\"false\" aria-errormessage=\"wpforms-1377-field_1-error\" required><\/div><div id=\"wpforms-1377-field_2-container\" class=\"wpforms-field wpforms-field-textarea\" data-field-id=\"2\"><label class=\"wpforms-field-label wpforms-label-hide\" for=\"wpforms-1377-field_2\" aria-hidden=\"false\">Consulta<\/label><textarea id=\"wpforms-1377-field_2\" class=\"wpforms-field-medium\" name=\"wpforms[fields][2]\" placeholder=\"Escribinos tu consulta\" aria-errormessage=\"wpforms-1377-field_2-error\" ><\/textarea><\/div><\/div><!-- .wpforms-field-container --><div class=\"wpforms-submit-container\" ><input type=\"hidden\" name=\"wpforms[id]\" value=\"1377\"><input type=\"hidden\" name=\"page_title\" value=\"\"><input type=\"hidden\" name=\"page_url\" value=\"https:\/\/corvenautopartes.com.ar\/index.php\/wp-json\/wp\/v2\/pages\/14\"><input type=\"hidden\" name=\"url_referer\" value=\"\"><button type=\"submit\" name=\"wpforms[submit]\" id=\"wpforms-submit-1377\" class=\"wpforms-submit\" data-alt-text=\"Enviando...\" data-submit-text=\"Enviar\" aria-live=\"assertive\" value=\"wpforms-submit\">Enviar<\/button><img loading=\"lazy\" decoding=\"async\" src=\"https:\/\/corvenautopartes.com.ar\/wp-content\/plugins\/wpforms-lite\/assets\/images\/submit-spin.svg\" class=\"wpforms-submit-spinner\" style=\"display: none;\" width=\"26\" height=\"26\" alt=\"Cargando\"><\/div><\/form><\/div>  <!-- .wpforms-container -->[mk_padding_divider][\/vc_column][\/vc_row]\n","protected":false},"excerpt":{"rendered":"<p>[vc_row fullwidth=\u00bbtrue\u00bb css=\u00bb.vc_custom_1592408274162{margin-top: 0px !important;}\u00bb][vc_column][mk_fullwidth_slideshow padding=\u00bb0&#8243; bg_position=\u00bbcenter center\u00bb images=\u00bb1468&#8243; stretch_images=\u00bbtrue\u00bb effect=\u00bbslide\u00bb pause_on_hover=\u00bbtrue\u00bb][\/vc_column][\/vc_row][vc_row fullwidth=\u00bbtrue\u00bb fullwidth_content=\u00bbfalse\u00bb css=\u00bb.vc_custom_1592321433395{background-color: #fc4f00 !important;}\u00bb][vc_column][mk_fancy_title color=\u00bb#ffffff\u00bb size=\u00bb32&#8243; font_weight=\u00bb300&#8243; txt_transform=\u00bbuppercase\u00bb margin_top=\u00bb20&#8243; margin_bottom=\u00bb\u00bb font_family=\u00bbnone\u00bb align=\u00bbcenter\u00bb]M\u00e1s de 50 a\u00f1os en el mercado de autopartes[\/mk_fancy_title][\/vc_column][\/vc_row][vc_row fullwidth=\u00bbtrue\u00bb fullwidth_content=\u00bbfalse\u00bb css=\u00bb.vc_custom_1592408758216{padding-top: 20px !important;padding-bottom: 20px !important;}\u00bb][vc_column width=\u00bb1\/2&#8243;][mk_image src=\u00bbhttp:\/\/corven.jonsu.urltemporal.com\/es\/wp-content\/uploads\/2020\/07\/seccion-empresa-cs6-03.jpg\u00bb image_size=\u00bbfull\u00bb align=\u00bbcenter\u00bb margin_bottom=\u00bb0&#8243; animation=\u00bbleft-to-right\u00bb][\/vc_column][vc_column width=\u00bb1\/2&#8243;][vc_column_text css=\u00bb.vc_custom_1592600449625{margin-bottom: 0px !important;}\u00bb]Fundada en 1969, Corven es la [&hellip;]<\/p>\n","protected":false},"author":1,"featured_media":0,"parent":0,"menu_order":0,"comment_status":"closed","ping_status":"closed","template":"","meta":{"footnotes":""},"class_list":["post-14","page","type-page","status-publish","hentry"],"_links":{"self":[{"href":"https:\/\/corvenautopartes.com.ar\/index.php\/wp-json\/wp\/v2\/pages\/14","targetHints":{"allow":["GET"]}}],"collection":[{"href":"https:\/\/corvenautopartes.com.ar\/index.php\/wp-json\/wp\/v2\/pages"}],"about":[{"href":"https:\/\/corvenautopartes.com.ar\/index.php\/wp-json\/wp\/v2\/types\/page"}],"author":[{"embeddable":true,"href":"https:\/\/corvenautopartes.com.ar\/index.php\/wp-json\/wp\/v2\/users\/1"}],"replies":[{"embeddable":true,"href":"https:\/\/corvenautopartes.com.ar\/index.php\/wp-json\/wp\/v2\/comments?post=14"}],"version-history":[{"count":45,"href":"https:\/\/corvenautopartes.com.ar\/index.php\/wp-json\/wp\/v2\/pages\/14\/revisions"}],"predecessor-version":[{"id":1469,"href":"https:\/\/corvenautopartes.com.ar\/index.php\/wp-json\/wp\/v2\/pages\/14\/revisions\/1469"}],"wp:attachment":[{"href":"https:\/\/corvenautopartes.com.ar\/index.php\/wp-json\/wp\/v2\/media?parent=14"}],"curies":[{"name":"wp","href":"https:\/\/api.w.org\/{rel}","templated":true}]}}