{"id":318,"date":"2020-07-02T18:36:54","date_gmt":"2020-07-02T18:36:54","guid":{"rendered":"http:\/\/corven.jonsu.urltemporal.com\/es\/?page_id=318"},"modified":"2024-06-24T17:46:36","modified_gmt":"2024-06-24T17:46:36","slug":"discos-y-campanas-de-freno-corven","status":"publish","type":"page","link":"https:\/\/corvenautopartes.com.ar\/index.php\/discos-y-campanas-de-freno-corven\/","title":{"rendered":"Discos y campanas de freno Corven"},"content":{"rendered":"[vc_row fullwidth=\u00bbtrue\u00bb css=\u00bb.vc_custom_1592408274162{margin-top: 0px !important;}\u00bb][vc_column][mk_fullwidth_slideshow padding=\u00bb0&#8243; bg_position=\u00bbcenter center\u00bb images=\u00bb311&#8243; stretch_images=\u00bbtrue\u00bb effect=\u00bbslide\u00bb pause_on_hover=\u00bbtrue\u00bb][\/vc_column][\/vc_row][vc_row fullwidth=\u00bbtrue\u00bb fullwidth_content=\u00bbfalse\u00bb css=\u00bb.vc_custom_1592321433395{background-color: #fc4f00 !important;}\u00bb][vc_column width=\u00bb1\/4&#8243;][\/vc_column][vc_column width=\u00bb1\/4&#8243;][mk_image src=\u00bbhttp:\/\/corven.jonsu.urltemporal.com\/es\/wp-content\/uploads\/2020\/06\/accesos-amortiguadores-03.jpg\u00bb image_size=\u00bbfull\u00bb margin_bottom=\u00bb0&#8243; el_class=\u00bbmarca-corven\u00bb][\/vc_column][vc_column width=\u00bb1\/4&#8243;][mk_image src=\u00bbhttp:\/\/corven.jonsu.urltemporal.com\/es\/wp-content\/uploads\/2020\/07\/discosycampanas-cs6-04.jpg\u00bb image_size=\u00bbfull\u00bb link=\u00bbhttps:\/\/corvenautopartes.com.ar\/index.php\/discos-y-campanas-de-freno\/\u00bb margin_bottom=\u00bb0&#8243; el_class=\u00bbmarca-lip\u00bb][\/vc_column][vc_column width=\u00bb1\/4&#8243;][\/vc_column][\/vc_row][vc_row fullwidth=\u00bbtrue\u00bb fullwidth_content=\u00bbfalse\u00bb css=\u00bb.vc_custom_1595344260212{padding-top: 20px !important;}\u00bb el_class=\u00bbcorner-right\u00bb][vc_column width=\u00bb1\/3&#8243;][mk_image src=\u00bbhttp:\/\/corven.jonsu.urltemporal.com\/es\/wp-content\/uploads\/2020\/06\/corven-plus-03.jpg\u00bb image_size=\u00bbfull\u00bb margin_bottom=\u00bb20&#8243;][\/vc_column][vc_column width=\u00bb1\/3&#8243;][\/vc_column][vc_column width=\u00bb1\/3&#8243;][\/vc_column][\/vc_row][vc_row fullwidth=\u00bbtrue\u00bb fullwidth_content=\u00bbfalse\u00bb css=\u00bb.vc_custom_1595344260212{padding-top: 20px !important;}\u00bb el_class=\u00bbcorner-right\u00bb][vc_column width=\u00bb1\/3&#8243;][vc_column_text css=\u00bb.vc_custom_1594734053587{margin-bottom: 0px !important;}\u00bb]CORVEN cuenta con una l\u00ednea de campanas y discos de freno de excelente calidad que otorgan al veh\u00edculo seguridad y cuidado. Las campanas y discos de freno Corven Plus est\u00e1n desarrollados en aleaciones de hierro que mejoran la capacidad de disipar temperatura, aumentando as\u00ed la durabilidad de todo el sistema de freno, evit\u00e1ndose de esta manera los alabeos y deformaciones generados muchas veces por exigencias extremas. Corven utiliza en sus campanas y discos de freno la tecnolog\u00eda DRYOIL, que evita el uso y posterior descarte de productos qu\u00edmicos perjudiciales para el medio ambiente.[\/vc_column_text][\/vc_column][vc_column width=\u00bb1\/3&#8243;][mk_image src=\u00bbhttp:\/\/corven.jonsu.urltemporal.com\/es\/wp-content\/uploads\/2020\/07\/linealiviana-discosycampanas-corven-plus.jpg\u00bb image_size=\u00bbfull\u00bb lightbox=\u00bbtrue\u00bb margin_bottom=\u00bb0&#8243; el_class=\u00bbmarca-corven\u00bb][\/vc_column][vc_column width=\u00bb1\/3&#8243;][mk_image src=\u00bbhttp:\/\/corven.jonsu.urltemporal.com\/es\/wp-content\/uploads\/2020\/07\/linealiviana_embragues_corven.png\u00bb image_size=\u00bbfull\u00bb lightbox=\u00bbtrue\u00bb margin_bottom=\u00bb0&#8243; el_class=\u00bbmarca-corven\u00bb][mk_button dimension=\u00bbflat\u00bb size=\u00bblarge\u00bb align=\u00bbcenter\u00bb fullwidth=\u00bbtrue\u00bb margin_bottom=\u00bb10&#8243; margin_right=\u00bb0&#8243; bg_color=\u00bb#000000&#8243; btn_hover_bg=\u00bb#e2001f\u00bb btn_hover_txt_color=\u00bb#ffffff\u00bb]Info t\u00e9cnica en PDF[\/mk_button][\/vc_column][\/vc_row][vc_row fullwidth=\u00bbtrue\u00bb fullwidth_content=\u00bbfalse\u00bb css=\u00bb.vc_custom_1593711447294{padding-top: 20px !important;padding-bottom: 80px !important;}\u00bb el_class=\u00bbcorner-right\u00bb][vc_column width=\u00bb2\/3&#8243;][vc_video link=\u00bbhttps:\/\/www.youtube.com\/watch?v=0Scm46bxUqI\u00bb][\/vc_column][vc_column width=\u00bb1\/3&#8243; css=\u00bb.vc_custom_1592422874403{padding-top: 20px !important;padding-right: 20px !important;padding-bottom: 20px !important;padding-left: 20px !important;background-color: #d8d8d8 !important;}\u00bb][mk_fancy_title size=\u00bb32&#8243; font_weight=\u00bb300&#8243; txt_transform=\u00bbuppercase\u00bb margin_bottom=\u00bb10&#8243; font_family=\u00bbnone\u00bb]Busc\u00e1s este producto para un veh\u00edculo espec\u00edfico?<br \/>\n<span style=\"color: #fc4f00;\"><strong>Consult\u00e1 <\/strong><\/span><span style=\"color: #fc4f00;\"><strong>nuestro <\/strong><\/span><span style=\"color: #fc4f00;\"><strong>cat\u00e1logo<\/strong><\/span>[\/mk_fancy_title][mk_button dimension=\u00bbflat\u00bb size=\u00bblarge\u00bb url=\u00bbhttps:\/\/corven.jonsu.urltemporal.com\/es\/fichas\/Catalogo_discos_20-21_310720.pdf\u00bb target=\u00bb_blank\u00bb align=\u00bbcenter\u00bb fullwidth=\u00bbtrue\u00bb margin_bottom=\u00bb10&#8243; margin_right=\u00bb0&#8243; bg_color=\u00bb#fc4f00&#8243; btn_hover_bg=\u00bb#000000&#8243; btn_hover_txt_color=\u00bb#fc4f00&#8243;]Cat\u00e1logo PDF[\/mk_button][mk_button dimension=\u00bbflat\u00bb size=\u00bblarge\u00bb url=\u00bbhttps:\/\/corvenautopartes.com.ar\/catalogo\/index.php\u00bb target=\u00bb_blank\u00bb align=\u00bbcenter\u00bb fullwidth=\u00bbtrue\u00bb margin_bottom=\u00bb10&#8243; margin_right=\u00bb0&#8243; bg_color=\u00bb#fc4f00&#8243; btn_hover_bg=\u00bb#000000&#8243; btn_hover_txt_color=\u00bb#fc4f00&#8243;]Cat\u00e1logo Online[\/mk_button][\/vc_column][\/vc_row][vc_row fullwidth=\u00bbtrue\u00bb fullwidth_content=\u00bbfalse\u00bb css=\u00bb.vc_custom_1592321973496{padding-top: 20px !important;background-color: #000000 !important;}\u00bb][vc_column width=\u00bb1\/2&#8243;][mk_fancy_title color=\u00bb#ffffff\u00bb size=\u00bb32&#8243; font_weight=\u00bb300&#8243; txt_transform=\u00bbuppercase\u00bb margin_top=\u00bb20&#8243; margin_bottom=\u00bb\u00bb font_family=\u00bbnone\u00bb align=\u00bbright\u00bb]Corven en las redes[\/mk_fancy_title][\/vc_column][vc_column width=\u00bb1\/2&#8243;][mk_social_networks size=\u00bbx-large\u00bb style=\u00bbsquare-pointed\u00bb border_color=\u00bb#ff4f09&#8243; icon_color=\u00bb#ff4f09&#8243; facebook=\u00bbhttps:\/\/www.facebook.com\/Corven.Autopartes\/\u00bb instagram=\u00bbhttps:\/\/www.instagram.com\/corven.autopartes\/\u00bb youtube=\u00bbhttps:\/\/www.youtube.com\/channel\/UC-oscg3tRxD_n3IU-50q8BA\u00bb][\/vc_column][\/vc_row][vc_row fullwidth=\u00bbtrue\u00bb fullwidth_content=\u00bbfalse\u00bb css=\u00bb.vc_custom_1593984405022{padding-top: 40px !important;padding-bottom: 40px !important;background-image: url(http:\/\/corven.jonsu.urltemporal.com\/es\/wp-content\/uploads\/2020\/06\/back-instagram-02.png?id=66) !important;background-position: center !important;background-repeat: no-repeat !important;background-size: cover !important;}\u00bb][vc_column][vc_column_text css=\u00bb.vc_custom_1593985373993{margin-bottom: 0px !important;}\u00bb]\t\t<div id=\"sbi_mod_error\" >\n\t\t\t<span>Este mensaje de error solo es visible para los administradores de WordPress<\/span><br\/>\n\t\t\t<p><strong>Error: No se ha encontrado ning\u00fan feed.<\/strong>\n\t\t\t<p>Por favor, ve a la p\u00e1gina de ajustes de Instagram Feed para crear un feed.<\/p>\n\t\t<\/div>\n\t\t[\/vc_column_text][\/vc_column][\/vc_row][vc_row fullwidth=\u00bbtrue\u00bb fullwidth_content=\u00bbfalse\u00bb css=\u00bb.vc_custom_1592321459426{background-color: #fc4f00 !important;}\u00bb][vc_column][mk_fancy_title color=\u00bb#ffffff\u00bb size=\u00bb32&#8243; font_weight=\u00bb300&#8243; txt_transform=\u00bbuppercase\u00bb margin_top=\u00bb20&#8243; margin_bottom=\u00bb\u00bb font_family=\u00bbnone\u00bb align=\u00bbcenter\u00bb]Comunicate con nosotros[\/mk_fancy_title][\/vc_column][\/vc_row][vc_row fullwidth=\u00bbtrue\u00bb fullwidth_content=\u00bbfalse\u00bb equal_columns=\u00bbtrue\u00bb css=\u00bb.vc_custom_1594729511642{background-image: url(http:\/\/corven.jonsu.urltemporal.com\/es\/wp-content\/uploads\/2020\/07\/contacto-back-01.jpg?id=555) !important;background-position: center !important;background-repeat: no-repeat !important;background-size: cover !important;}\u00bb][vc_column width=\u00bb1\/3&#8243; css=\u00bb.vc_custom_1593711813364{padding-top: 40px !important;padding-right: 40px !important;padding-bottom: 40px !important;padding-left: 40px !important;background-color: rgba(255,255,255,0.8) !important;*background-color: rgb(255,255,255) !important;}\u00bb][mk_fancy_title color=\u00bb#000000&#8243; size=\u00bb24&#8243; font_weight=\u00bb300&#8243; txt_transform=\u00bbuppercase\u00bb margin_top=\u00bb40&#8243; margin_bottom=\u00bb\u00bb font_family=\u00bbnone\u00bb]Ante cualquier consulta complet\u00e1 el siguiente formulario para asesorarte y comunicarnos a la brevedad.[\/mk_fancy_title][mk_fancy_title color=\u00bb#ff4f09&#8243; size=\u00bb24&#8243; font_weight=\u00bb300&#8243; txt_transform=\u00bbuppercase\u00bb margin_top=\u00bb20&#8243; margin_bottom=\u00bb\u00bb font_family=\u00bbnone\u00bb]Muchas gracias[\/mk_fancy_title][\/vc_column][vc_column width=\u00bb2\/3&#8243;][mk_padding_divider]<style id=\"wpforms-css-vars-1377\">\n\t\t\t\t#wpforms-1377 {\n\t\t\t\t\n\t\t\t}\n\t\t\t<\/style><div class=\"wpforms-container wpforms-container-full wpforms-render-modern\" id=\"wpforms-1377\"><form id=\"wpforms-form-1377\" class=\"wpforms-validate wpforms-form wpforms-ajax-form\" data-formid=\"1377\" method=\"post\" enctype=\"multipart\/form-data\" action=\"\/index.php\/wp-json\/wp\/v2\/pages\/318\" data-token=\"b3de59f660bc04cda7e31ba3cf0c3f87\" data-token-time=\"1776661440\"><noscript class=\"wpforms-error-noscript\">Por favor, activa JavaScript en tu navegador para completar este formulario.<\/noscript><div id=\"wpforms-error-noscript\" style=\"display: none;\">Por favor, activa JavaScript en tu navegador para completar este formulario.<\/div><div class=\"wpforms-field-container\"><div id=\"wpforms-1377-field_0-container\" class=\"wpforms-field wpforms-field-name\" data-field-id=\"0\"><fieldset><legend class=\"wpforms-field-label wpforms-label-hide\" aria-hidden=\"false\">Nombre <span class=\"wpforms-required-label\" aria-hidden=\"true\">*<\/span><\/legend><div class=\"wpforms-field-row wpforms-field-large\"><div class=\"wpforms-field-row-block wpforms-first wpforms-one-half\"><input type=\"text\" id=\"wpforms-1377-field_0\" class=\"wpforms-field-name-first wpforms-field-required\" name=\"wpforms[fields][0][first]\" placeholder=\"Nombre\" aria-errormessage=\"wpforms-1377-field_0-error\" required><label for=\"wpforms-1377-field_0\" class=\"wpforms-field-sublabel after wpforms-sublabel-hide\">Nombre<\/label><\/div><div class=\"wpforms-field-row-block wpforms-one-half\"><input type=\"text\" id=\"wpforms-1377-field_0-last\" class=\"wpforms-field-name-last wpforms-field-required\" name=\"wpforms[fields][0][last]\" placeholder=\"Apellido\" aria-errormessage=\"wpforms-1377-field_0-last-error\" required><label for=\"wpforms-1377-field_0-last\" class=\"wpforms-field-sublabel after wpforms-sublabel-hide\">Apellidos<\/label><\/div><\/div><\/fieldset><\/div><div id=\"wpforms-1377-field_4-container\" class=\"wpforms-field wpforms-field-text\" data-field-id=\"4\"><label class=\"wpforms-field-label wpforms-label-hide\" for=\"wpforms-1377-field_4\" aria-hidden=\"false\">Tel\u00e9fono<\/label><input type=\"text\" id=\"wpforms-1377-field_4\" class=\"wpforms-field-large\" name=\"wpforms[fields][4]\" placeholder=\"Tel\u00e9fono\" aria-errormessage=\"wpforms-1377-field_4-error\" ><\/div><div id=\"wpforms-1377-field_1-container\" class=\"wpforms-field wpforms-field-email\" data-field-id=\"1\"><label class=\"wpforms-field-label wpforms-label-hide\" for=\"wpforms-1377-field_1\" aria-hidden=\"false\">Email <span class=\"wpforms-required-label\" aria-hidden=\"true\">*<\/span><\/label><input type=\"email\" id=\"wpforms-1377-field_1\" class=\"wpforms-field-large wpforms-field-required\" name=\"wpforms[fields][1]\" placeholder=\"Email\" spellcheck=\"false\" aria-errormessage=\"wpforms-1377-field_1-error\" required><\/div><div id=\"wpforms-1377-field_2-container\" class=\"wpforms-field wpforms-field-textarea\" data-field-id=\"2\"><label class=\"wpforms-field-label wpforms-label-hide\" for=\"wpforms-1377-field_2\" aria-hidden=\"false\">Consulta<\/label><textarea id=\"wpforms-1377-field_2\" class=\"wpforms-field-medium\" name=\"wpforms[fields][2]\" placeholder=\"Escribinos tu consulta\" aria-errormessage=\"wpforms-1377-field_2-error\" ><\/textarea><\/div><\/div><!-- .wpforms-field-container --><div class=\"wpforms-submit-container\" ><input type=\"hidden\" name=\"wpforms[id]\" value=\"1377\"><input type=\"hidden\" name=\"page_title\" value=\"\"><input type=\"hidden\" name=\"page_url\" value=\"https:\/\/corvenautopartes.com.ar\/index.php\/wp-json\/wp\/v2\/pages\/318\"><input type=\"hidden\" name=\"url_referer\" value=\"\"><button type=\"submit\" name=\"wpforms[submit]\" id=\"wpforms-submit-1377\" class=\"wpforms-submit\" data-alt-text=\"Enviando...\" data-submit-text=\"Enviar\" aria-live=\"assertive\" value=\"wpforms-submit\">Enviar<\/button><img loading=\"lazy\" decoding=\"async\" src=\"https:\/\/corvenautopartes.com.ar\/wp-content\/plugins\/wpforms-lite\/assets\/images\/submit-spin.svg\" class=\"wpforms-submit-spinner\" style=\"display: none;\" width=\"26\" height=\"26\" alt=\"Cargando\"><\/div><\/form><\/div>  <!-- .wpforms-container -->[mk_padding_divider][\/vc_column][\/vc_row]\n","protected":false},"excerpt":{"rendered":"<p>[vc_row fullwidth=\u00bbtrue\u00bb css=\u00bb.vc_custom_1592408274162{margin-top: 0px !important;}\u00bb][vc_column][mk_fullwidth_slideshow padding=\u00bb0&#8243; bg_position=\u00bbcenter center\u00bb images=\u00bb311&#8243; stretch_images=\u00bbtrue\u00bb effect=\u00bbslide\u00bb pause_on_hover=\u00bbtrue\u00bb][\/vc_column][\/vc_row][vc_row fullwidth=\u00bbtrue\u00bb fullwidth_content=\u00bbfalse\u00bb css=\u00bb.vc_custom_1592321433395{background-color: #fc4f00 !important;}\u00bb][vc_column width=\u00bb1\/4&#8243;][\/vc_column][vc_column width=\u00bb1\/4&#8243;][mk_image src=\u00bbhttp:\/\/corven.jonsu.urltemporal.com\/es\/wp-content\/uploads\/2020\/06\/accesos-amortiguadores-03.jpg\u00bb image_size=\u00bbfull\u00bb margin_bottom=\u00bb0&#8243; el_class=\u00bbmarca-corven\u00bb][\/vc_column][vc_column width=\u00bb1\/4&#8243;][mk_image src=\u00bbhttp:\/\/corven.jonsu.urltemporal.com\/es\/wp-content\/uploads\/2020\/07\/discosycampanas-cs6-04.jpg\u00bb image_size=\u00bbfull\u00bb link=\u00bbhttps:\/\/corvenautopartes.com.ar\/index.php\/discos-y-campanas-de-freno\/\u00bb margin_bottom=\u00bb0&#8243; el_class=\u00bbmarca-lip\u00bb][\/vc_column][vc_column width=\u00bb1\/4&#8243;][\/vc_column][\/vc_row][vc_row fullwidth=\u00bbtrue\u00bb fullwidth_content=\u00bbfalse\u00bb css=\u00bb.vc_custom_1595344260212{padding-top: 20px !important;}\u00bb el_class=\u00bbcorner-right\u00bb][vc_column width=\u00bb1\/3&#8243;][mk_image src=\u00bbhttp:\/\/corven.jonsu.urltemporal.com\/es\/wp-content\/uploads\/2020\/06\/corven-plus-03.jpg\u00bb image_size=\u00bbfull\u00bb margin_bottom=\u00bb20&#8243;][\/vc_column][vc_column width=\u00bb1\/3&#8243;][\/vc_column][vc_column width=\u00bb1\/3&#8243;][\/vc_column][\/vc_row][vc_row fullwidth=\u00bbtrue\u00bb fullwidth_content=\u00bbfalse\u00bb css=\u00bb.vc_custom_1595344260212{padding-top: 20px !important;}\u00bb el_class=\u00bbcorner-right\u00bb][vc_column width=\u00bb1\/3&#8243;][vc_column_text css=\u00bb.vc_custom_1594734053587{margin-bottom: 0px !important;}\u00bb]CORVEN cuenta con una [&hellip;]<\/p>\n","protected":false},"author":1,"featured_media":0,"parent":0,"menu_order":0,"comment_status":"closed","ping_status":"closed","template":"","meta":{"footnotes":""},"class_list":["post-318","page","type-page","status-publish","hentry"],"_links":{"self":[{"href":"https:\/\/corvenautopartes.com.ar\/index.php\/wp-json\/wp\/v2\/pages\/318","targetHints":{"allow":["GET"]}}],"collection":[{"href":"https:\/\/corvenautopartes.com.ar\/index.php\/wp-json\/wp\/v2\/pages"}],"about":[{"href":"https:\/\/corvenautopartes.com.ar\/index.php\/wp-json\/wp\/v2\/types\/page"}],"author":[{"embeddable":true,"href":"https:\/\/corvenautopartes.com.ar\/index.php\/wp-json\/wp\/v2\/users\/1"}],"replies":[{"embeddable":true,"href":"https:\/\/corvenautopartes.com.ar\/index.php\/wp-json\/wp\/v2\/comments?post=318"}],"version-history":[{"count":33,"href":"https:\/\/corvenautopartes.com.ar\/index.php\/wp-json\/wp\/v2\/pages\/318\/revisions"}],"predecessor-version":[{"id":1439,"href":"https:\/\/corvenautopartes.com.ar\/index.php\/wp-json\/wp\/v2\/pages\/318\/revisions\/1439"}],"wp:attachment":[{"href":"https:\/\/corvenautopartes.com.ar\/index.php\/wp-json\/wp\/v2\/media?parent=318"}],"curies":[{"name":"wp","href":"https:\/\/api.w.org\/{rel}","templated":true}]}}